{"id":3156,"date":"2023-03-09T09:50:48","date_gmt":"2023-03-09T08:50:48","guid":{"rendered":"https:\/\/mci52.fr\/?page_id=3156"},"modified":"2023-03-21T10:09:46","modified_gmt":"2023-03-21T09:09:46","slug":"mentions-legales","status":"publish","type":"page","link":"https:\/\/mci52.fr\/index.php\/mentions-legales\/","title":{"rendered":"Mentions L\u00e9gales"},"content":{"rendered":"\n<h1 class=\"wp-block-heading\">Mentions l\u00e9gales<\/h1>\n\n\n\n<p>En vigueur au 21\/03\/23&nbsp;<\/p>\n\n\n\n<p>Conform\u00e9ment aux dispositions des Articles 6-III et 19 de la Loi n\u00b02004-575 du 21 juin 2004 pour la Confiance dans l\u2019\u00e9conomie num\u00e9rique, dite L.C.E.N., il est port\u00e9 \u00e0 la connaissance des utilisateurs et visiteurs, ci-apr\u00e8s l\u00a0\u00bb\u00a0\u00bb<strong>Utilisateur<\/strong>\u00ab\u00a0, du site https:\/\/mci52.fr\/ , ci-apr\u00e8s le \u00ab\u00a0<strong>Site<\/strong>\u00ab\u00a0, les pr\u00e9sentes mentions l\u00e9gales.<\/p>\n\n\n\n<p>La connexion et la navigation sur le Site par l\u2019Utilisateur implique acceptation int\u00e9grale et sans r\u00e9serve des pr\u00e9sentes mentions l\u00e9gales.<\/p>\n\n\n\n<p>Ces derni\u00e8res sont accessibles sur le Site \u00e0 la rubrique \u00ab <strong>Mentions l\u00e9gales<\/strong> \u00bb.<\/p>\n\n\n\n<h2 class=\"wp-block-heading\">ARTICLE 1 &#8211; L&rsquo;EDITEUR<\/h2>\n\n\n\n<p>L\u2019\u00e9dition et la direction de la publication du Site est assur\u00e9e par IFRAH Mardouche, domicili\u00e9e 61 Av. d&rsquo;Alsace Lorraine, 52100 Saint-Dizier  dont le num\u00e9ro de t\u00e9l\u00e9phone est 03 25 05 21 10, et l&rsquo;adresse e-mail mci-informatique@wanadoo.fr<\/p>\n\n\n\n<p>La personne est assujettie au Registre du Commerce et des Soci\u00e9t\u00e9s de Chaumont B 443 881 164 sous le num\u00e9ro SIRET 44388116400018, SIREN 443881164 .<\/p>\n\n\n\n<p>Le num\u00e9ro de TVA\u00a0 intracommunautaire est FR53443881164.<\/p>\n\n\n\n<p>ci-apr\u00e8s l'\u00a0\u00bb<strong>Editeur<\/strong>\u00ab\u00a0.<\/p>\n\n\n\n<h2 class=\"wp-block-heading\">ARTICLE 2 &#8211; L&rsquo;HEBERGEUR<\/h2>\n\n\n\n<p>L&rsquo;h\u00e9bergeur du Site est la soci\u00e9t\u00e9 Hostinger, dont le si\u00e8ge social est situ\u00e9 au HOSTINGER INTERNATIONAL LTD, 61 Lordou Vironos Street, 6023 Larnaca, Chypre , av<strong>ec le num\u00e9ro de t\u00e9l\u00e9phone : 0892977093 +gdpr@hostinger.com<\/strong>.<\/p>\n\n\n\n<h2 class=\"wp-block-heading\">ARTICLE 3 &#8211; ACCES AU SITE<\/h2>\n\n\n\n<p>Le Site est accessible en tout endroit, 7j\/7, 24h\/24 sauf cas de force majeure, interruption programm\u00e9e ou non et pouvant d\u00e9coulant d\u2019une n\u00e9cessit\u00e9 de maintenance.<\/p>\n\n\n\n<p>En cas de modification, interruption ou suspension du Site, l&rsquo;Editeur ne saurait \u00eatre tenu responsable.<\/p>\n\n\n\n<h2 class=\"wp-block-heading\">ARTICLE 4 &#8211; COLLECTE DES DONNEES<\/h2>\n\n\n\n<p>Le Site assure \u00e0 l&rsquo;Utilisateur une collecte et un traitement d&rsquo;informations personnelles dans le respect de la vie priv\u00e9e conform\u00e9ment \u00e0 la loi n\u00b078-17 du 6 janvier 1978 relative \u00e0 l&rsquo;informatique, aux fichiers et aux libert\u00e9s.<\/p>\n\n\n\n<p>En vertu de la loi Informatique et Libert\u00e9s, en date du 6 janvier 1978, l&rsquo;Utilisateur dispose d&rsquo;un droit d&rsquo;acc\u00e8s, de rectification, de suppression et d&rsquo;opposition de ses donn\u00e9es personnelles. L&rsquo;Utilisateur exerce ce droit :<\/p>\n\n\n\n<p>\u00b7&nbsp;&nbsp;&nbsp;&nbsp;&nbsp;&nbsp;&nbsp;&nbsp; par mail \u00e0 l&rsquo;adresse email mci-informatique@wanadoo.fr\ufeff<\/p>\n\n\n\n<p>\u00b7&nbsp;&nbsp;&nbsp;&nbsp;&nbsp;&nbsp;&nbsp;&nbsp; via un formulaire de contact ;<\/p>\n\n\n\n<p>Toute utilisation, reproduction, diffusion, commercialisation, modification de toute ou partie du Site\ufeff, sans autorisation de l\u2019Editeur est prohib\u00e9e et pourra entra\u00een\u00e9e des actions et poursuites judiciaires telles que notamment pr\u00e9vues par le Code de la propri\u00e9t\u00e9 intellectuelle et le Code civil.<\/p>\n\n\n\n<p>Pour plus d\u2019informations, se reporter aux CGU du site https:\/\/mci52.fr\/ accessible \u00e0 la rubrique \u00ab\u00a0CGU\u00a0\u00bb<\/p>\n\n\n\n<p>Pour plus d\u2019informations, se reporter aux CGV du site https:\/\/mci52.fr\/ accessible \u00e0 la rubrique \u00ab\u00a0CGV\u00a0\u00bb<\/p>\n\n\n\n<p>Pour plus d&rsquo;informations en mati\u00e8re de cookies, se reporter \u00e0 la Charte en mati\u00e8re de cookies du site https:\/\/mci52.fr\/ accessible \u00e0 la rubrique \u00ab\u00a0Cookies\u00a0\u00bb<\/p>\n\n\n\n<p>R\u00e9dig\u00e9 sur http:\/\/legalplace.fr<\/p>\n","protected":false},"excerpt":{"rendered":"<p>Mentions l\u00e9gales En vigueur au 21\/03\/23&nbsp; Conform\u00e9ment aux dispositions des Articles 6-III et 19 de la Loi n\u00b02004-575 du 21 juin 2004 pour la Confiance dans l\u2019\u00e9conomie num\u00e9rique, dite L.C.E.N., il est port\u00e9 \u00e0 la connaissance des utilisateurs et visiteurs, ci-apr\u00e8s l\u00a0\u00bb\u00a0\u00bbUtilisateur\u00ab\u00a0, du site https:\/\/mci52.fr\/ , ci-apr\u00e8s le \u00ab\u00a0Site\u00ab\u00a0, les pr\u00e9sentes mentions l\u00e9gales. La connexion [&hellip;]<\/p>\n","protected":false},"author":1,"featured_media":0,"parent":0,"menu_order":0,"comment_status":"closed","ping_status":"open","template":"","meta":{"om_disable_all_campaigns":false,"_monsterinsights_skip_tracking":false,"_monsterinsights_sitenote_active":false,"_monsterinsights_sitenote_note":"","_monsterinsights_sitenote_category":0,"footnotes":""},"class_list":["post-3156","page","type-page","status-publish","hentry"],"blocksy_meta":[],"aioseo_notices":[],"yoast_head":"<!-- This site is optimized with the Yoast SEO plugin v25.3.1 - https:\/\/yoast.com\/wordpress\/plugins\/seo\/ -->\n<title>Mentions L\u00e9gales - MCI52<\/title>\n<meta name=\"robots\" content=\"index, follow, max-snippet:-1, max-image-preview:large, max-video-preview:-1\" \/>\n<link rel=\"canonical\" href=\"https:\/\/mci52.fr\/index.php\/mentions-legales\/\" \/>\n<meta property=\"og:locale\" content=\"fr_FR\" \/>\n<meta property=\"og:type\" content=\"article\" \/>\n<meta property=\"og:title\" content=\"Mentions L\u00e9gales - MCI52\" \/>\n<meta property=\"og:description\" content=\"Mentions l\u00e9gales En vigueur au 21\/03\/23&nbsp; Conform\u00e9ment aux dispositions des Articles 6-III et 19 de la Loi n\u00b02004-575 du 21 juin 2004 pour la Confiance dans l\u2019\u00e9conomie num\u00e9rique, dite L.C.E.N., il est port\u00e9 \u00e0 la connaissance des utilisateurs et visiteurs, ci-apr\u00e8s l\u00a0\u00bb\u00a0\u00bbUtilisateur\u00ab\u00a0, du site https:\/\/mci52.fr\/ , ci-apr\u00e8s le \u00ab\u00a0Site\u00ab\u00a0, les pr\u00e9sentes mentions l\u00e9gales. La connexion [&hellip;]\" \/>\n<meta property=\"og:url\" content=\"https:\/\/mci52.fr\/index.php\/mentions-legales\/\" \/>\n<meta property=\"og:site_name\" content=\"MCI52\" \/>\n<meta property=\"article:modified_time\" content=\"2023-03-21T09:09:46+00:00\" \/>\n<meta name=\"twitter:card\" content=\"summary_large_image\" \/>\n<meta name=\"twitter:label1\" content=\"Dur\u00e9e de lecture estim\u00e9e\" \/>\n\t<meta name=\"twitter:data1\" content=\"3 minutes\" \/>\n<script type=\"application\/ld+json\" class=\"yoast-schema-graph\">{\"@context\":\"https:\/\/schema.org\",\"@graph\":[{\"@type\":\"WebPage\",\"@id\":\"https:\/\/mci52.fr\/index.php\/mentions-legales\/\",\"url\":\"https:\/\/mci52.fr\/index.php\/mentions-legales\/\",\"name\":\"Mentions L\u00e9gales - MCI52\",\"isPartOf\":{\"@id\":\"https:\/\/mci52.fr\/#website\"},\"datePublished\":\"2023-03-09T08:50:48+00:00\",\"dateModified\":\"2023-03-21T09:09:46+00:00\",\"breadcrumb\":{\"@id\":\"https:\/\/mci52.fr\/index.php\/mentions-legales\/#breadcrumb\"},\"inLanguage\":\"fr-FR\",\"potentialAction\":[{\"@type\":\"ReadAction\",\"target\":[\"https:\/\/mci52.fr\/index.php\/mentions-legales\/\"]}]},{\"@type\":\"BreadcrumbList\",\"@id\":\"https:\/\/mci52.fr\/index.php\/mentions-legales\/#breadcrumb\",\"itemListElement\":[{\"@type\":\"ListItem\",\"position\":1,\"name\":\"Accueil\",\"item\":\"https:\/\/mci52.fr\/\"},{\"@type\":\"ListItem\",\"position\":2,\"name\":\"Mentions L\u00e9gales\"}]},{\"@type\":\"WebSite\",\"@id\":\"https:\/\/mci52.fr\/#website\",\"url\":\"https:\/\/mci52.fr\/\",\"name\":\"MCI52\",\"description\":\"\",\"publisher\":{\"@id\":\"https:\/\/mci52.fr\/#organization\"},\"potentialAction\":[{\"@type\":\"SearchAction\",\"target\":{\"@type\":\"EntryPoint\",\"urlTemplate\":\"https:\/\/mci52.fr\/?s={search_term_string}\"},\"query-input\":{\"@type\":\"PropertyValueSpecification\",\"valueRequired\":true,\"valueName\":\"search_term_string\"}}],\"inLanguage\":\"fr-FR\"},{\"@type\":\"Organization\",\"@id\":\"https:\/\/mci52.fr\/#organization\",\"name\":\"mci-informatique\",\"url\":\"https:\/\/mci52.fr\/\",\"logo\":{\"@type\":\"ImageObject\",\"inLanguage\":\"fr-FR\",\"@id\":\"https:\/\/mci52.fr\/#\/schema\/logo\/image\/\",\"url\":\"https:\/\/mci52.fr\/wp-content\/uploads\/2023\/03\/telechargement.png\",\"contentUrl\":\"https:\/\/mci52.fr\/wp-content\/uploads\/2023\/03\/telechargement.png\",\"width\":421,\"height\":119,\"caption\":\"mci-informatique\"},\"image\":{\"@id\":\"https:\/\/mci52.fr\/#\/schema\/logo\/image\/\"}}]}<\/script>\n<!-- \/ Yoast SEO plugin. -->","yoast_head_json":{"title":"Mentions L\u00e9gales - MCI52","robots":{"index":"index","follow":"follow","max-snippet":"max-snippet:-1","max-image-preview":"max-image-preview:large","max-video-preview":"max-video-preview:-1"},"canonical":"https:\/\/mci52.fr\/index.php\/mentions-legales\/","og_locale":"fr_FR","og_type":"article","og_title":"Mentions L\u00e9gales - MCI52","og_description":"Mentions l\u00e9gales En vigueur au 21\/03\/23&nbsp; Conform\u00e9ment aux dispositions des Articles 6-III et 19 de la Loi n\u00b02004-575 du 21 juin 2004 pour la Confiance dans l\u2019\u00e9conomie num\u00e9rique, dite L.C.E.N., il est port\u00e9 \u00e0 la connaissance des utilisateurs et visiteurs, ci-apr\u00e8s l\u00a0\u00bb\u00a0\u00bbUtilisateur\u00ab\u00a0, du site https:\/\/mci52.fr\/ , ci-apr\u00e8s le \u00ab\u00a0Site\u00ab\u00a0, les pr\u00e9sentes mentions l\u00e9gales. La connexion [&hellip;]","og_url":"https:\/\/mci52.fr\/index.php\/mentions-legales\/","og_site_name":"MCI52","article_modified_time":"2023-03-21T09:09:46+00:00","twitter_card":"summary_large_image","twitter_misc":{"Dur\u00e9e de lecture estim\u00e9e":"3 minutes"},"schema":{"@context":"https:\/\/schema.org","@graph":[{"@type":"WebPage","@id":"https:\/\/mci52.fr\/index.php\/mentions-legales\/","url":"https:\/\/mci52.fr\/index.php\/mentions-legales\/","name":"Mentions L\u00e9gales - MCI52","isPartOf":{"@id":"https:\/\/mci52.fr\/#website"},"datePublished":"2023-03-09T08:50:48+00:00","dateModified":"2023-03-21T09:09:46+00:00","breadcrumb":{"@id":"https:\/\/mci52.fr\/index.php\/mentions-legales\/#breadcrumb"},"inLanguage":"fr-FR","potentialAction":[{"@type":"ReadAction","target":["https:\/\/mci52.fr\/index.php\/mentions-legales\/"]}]},{"@type":"BreadcrumbList","@id":"https:\/\/mci52.fr\/index.php\/mentions-legales\/#breadcrumb","itemListElement":[{"@type":"ListItem","position":1,"name":"Accueil","item":"https:\/\/mci52.fr\/"},{"@type":"ListItem","position":2,"name":"Mentions L\u00e9gales"}]},{"@type":"WebSite","@id":"https:\/\/mci52.fr\/#website","url":"https:\/\/mci52.fr\/","name":"MCI52","description":"","publisher":{"@id":"https:\/\/mci52.fr\/#organization"},"potentialAction":[{"@type":"SearchAction","target":{"@type":"EntryPoint","urlTemplate":"https:\/\/mci52.fr\/?s={search_term_string}"},"query-input":{"@type":"PropertyValueSpecification","valueRequired":true,"valueName":"search_term_string"}}],"inLanguage":"fr-FR"},{"@type":"Organization","@id":"https:\/\/mci52.fr\/#organization","name":"mci-informatique","url":"https:\/\/mci52.fr\/","logo":{"@type":"ImageObject","inLanguage":"fr-FR","@id":"https:\/\/mci52.fr\/#\/schema\/logo\/image\/","url":"https:\/\/mci52.fr\/wp-content\/uploads\/2023\/03\/telechargement.png","contentUrl":"https:\/\/mci52.fr\/wp-content\/uploads\/2023\/03\/telechargement.png","width":421,"height":119,"caption":"mci-informatique"},"image":{"@id":"https:\/\/mci52.fr\/#\/schema\/logo\/image\/"}}]}},"_links":{"self":[{"href":"https:\/\/mci52.fr\/index.php\/wp-json\/wp\/v2\/pages\/3156","targetHints":{"allow":["GET"]}}],"collection":[{"href":"https:\/\/mci52.fr\/index.php\/wp-json\/wp\/v2\/pages"}],"about":[{"href":"https:\/\/mci52.fr\/index.php\/wp-json\/wp\/v2\/types\/page"}],"author":[{"embeddable":true,"href":"https:\/\/mci52.fr\/index.php\/wp-json\/wp\/v2\/users\/1"}],"replies":[{"embeddable":true,"href":"https:\/\/mci52.fr\/index.php\/wp-json\/wp\/v2\/comments?post=3156"}],"version-history":[{"count":2,"href":"https:\/\/mci52.fr\/index.php\/wp-json\/wp\/v2\/pages\/3156\/revisions"}],"predecessor-version":[{"id":5005,"href":"https:\/\/mci52.fr\/index.php\/wp-json\/wp\/v2\/pages\/3156\/revisions\/5005"}],"wp:attachment":[{"href":"https:\/\/mci52.fr\/index.php\/wp-json\/wp\/v2\/media?parent=3156"}],"curies":[{"name":"wp","href":"https:\/\/api.w.org\/{rel}","templated":true}]}}