{"id":1085,"date":"2023-01-25T22:12:45","date_gmt":"2023-01-25T21:12:45","guid":{"rendered":"https:\/\/mci52.fr\/?post_type=product&#038;p=1085"},"modified":"2023-04-26T16:59:20","modified_gmt":"2023-04-26T14:59:20","slug":"epson-t18","status":"publish","type":"product","link":"https:\/\/mci52.fr\/index.php\/produit\/epson-t18\/","title":{"rendered":"Epson T18 Couleurs et Noir"},"content":{"rendered":"<p>Epson T18<\/p>\n<p><strong>Compatible avec<\/strong>\u00a0Expression Home XP-305\u00a0\/\u00a0Expression Home XP-402\u00a0\/\u00a0Expression Home XP-102\u00a0\/\u00a0Expression Home XP-202\u00a0\/\u00a0Expression Home XP-205\u00a0\/\u00a0Expression Home XP-405\u00a0\/\u00a0Expression Home XP-302\u00a0\/\u00a0Expression Home XP-30\u00a0\/\u00a0Expression Home XP-405WH\u00a0\/\u00a0Expression Home XP-215\u00a0\/\u00a0Expression Home XP-312\u00a0\/\u00a0Expression Home XP-315\u00a0\/\u00a0Expression Home XP-412\u00a0\/\u00a0Expression Home XP-415\u00a0\/\u00a0Expression Home XP-212\u00a0\/\u00a0Expression Home XP-225\u00a0\/\u00a0Expression Home XP-322\u00a0\/\u00a0Expression Home XP-422\u00a0\/\u00a0Expression Home XP-325\u00a0\/\u00a0Expression Home XP-425<\/p>\n","protected":false},"excerpt":{"rendered":"<p>Noir | Jaune | Cyan | Magenta | MultiPack<\/p>\n","protected":false},"featured_media":1086,"comment_status":"open","ping_status":"closed","template":"","meta":{"om_disable_all_campaigns":false,"_monsterinsights_skip_tracking":false,"_monsterinsights_sitenote_active":false,"_monsterinsights_sitenote_note":"","_monsterinsights_sitenote_category":0},"product_brand":[],"product_cat":[191,133,130],"product_tag":[],"class_list":{"0":"post-1085","1":"product","2":"type-product","3":"status-publish","4":"has-post-thumbnail","6":"product_cat-cartouche-dencre-epson","7":"product_cat-cartouches-dencre-et-de-toner-epson","8":"product_cat-consommables","10":"first","11":"instock","12":"taxable","13":"shipping-taxable","14":"purchasable","15":"product-type-variable"},"aioseo_notices":[],"yoast_head":"<!-- This site is optimized with the Yoast SEO plugin v25.3.1 - https:\/\/yoast.com\/wordpress\/plugins\/seo\/ -->\n<title>Epson T18 Couleurs et Noir - MCI52<\/title>\n<meta name=\"description\" content=\"Epson T18 R\u00e9duisez vos co\u00fbts d&#039;impression avec la Compatible Epson T18 Pack pour Imprimante Epson Expression Home, imprimez jusqu&#039;\u00e0 2,5 fois plus de page.\" \/>\n<meta name=\"robots\" content=\"index, follow, max-snippet:-1, max-image-preview:large, max-video-preview:-1\" \/>\n<link rel=\"canonical\" href=\"https:\/\/mci52.fr\/index.php\/produit\/epson-t18\/\" \/>\n<meta property=\"og:locale\" content=\"fr_FR\" \/>\n<meta property=\"og:type\" content=\"article\" \/>\n<meta property=\"og:title\" content=\"Epson T18 Couleurs et Noir - MCI52\" \/>\n<meta property=\"og:description\" content=\"Epson T18 R\u00e9duisez vos co\u00fbts d&#039;impression avec la Compatible Epson T18 Pack pour Imprimante Epson Expression Home, imprimez jusqu&#039;\u00e0 2,5 fois plus de page.\" \/>\n<meta property=\"og:url\" content=\"https:\/\/mci52.fr\/index.php\/produit\/epson-t18\/\" \/>\n<meta property=\"og:site_name\" content=\"MCI52\" \/>\n<meta property=\"article:modified_time\" content=\"2023-04-26T14:59:20+00:00\" \/>\n<meta property=\"og:image\" content=\"https:\/\/mci52.fr\/wp-content\/uploads\/2023\/01\/epson-t1804-jaune-cartouche-d-encre-8063.webp\" \/>\n\t<meta property=\"og:image:width\" content=\"639\" \/>\n\t<meta property=\"og:image:height\" content=\"800\" \/>\n\t<meta property=\"og:image:type\" content=\"image\/webp\" \/>\n<meta name=\"twitter:card\" content=\"summary_large_image\" \/>\n<meta name=\"twitter:label1\" content=\"Dur\u00e9e de lecture estim\u00e9e\" \/>\n\t<meta name=\"twitter:data1\" content=\"1 minute\" \/>\n<script type=\"application\/ld+json\" class=\"yoast-schema-graph\">{\"@context\":\"https:\/\/schema.org\",\"@graph\":[{\"@type\":\"WebPage\",\"@id\":\"https:\/\/mci52.fr\/index.php\/produit\/epson-t18\/\",\"url\":\"https:\/\/mci52.fr\/index.php\/produit\/epson-t18\/\",\"name\":\"Epson T18 Couleurs et Noir - MCI52\",\"isPartOf\":{\"@id\":\"https:\/\/mci52.fr\/#website\"},\"primaryImageOfPage\":{\"@id\":\"https:\/\/mci52.fr\/index.php\/produit\/epson-t18\/#primaryimage\"},\"image\":{\"@id\":\"https:\/\/mci52.fr\/index.php\/produit\/epson-t18\/#primaryimage\"},\"thumbnailUrl\":\"https:\/\/mci52.fr\/wp-content\/uploads\/2023\/01\/epson-t1804-jaune-cartouche-d-encre-8063.webp\",\"datePublished\":\"2023-01-25T21:12:45+00:00\",\"dateModified\":\"2023-04-26T14:59:20+00:00\",\"description\":\"Epson T18 R\u00e9duisez vos co\u00fbts d'impression avec la Compatible Epson T18 Pack pour Imprimante Epson Expression Home, imprimez jusqu'\u00e0 2,5 fois plus de page.\",\"breadcrumb\":{\"@id\":\"https:\/\/mci52.fr\/index.php\/produit\/epson-t18\/#breadcrumb\"},\"inLanguage\":\"fr-FR\",\"potentialAction\":[{\"@type\":\"ReadAction\",\"target\":[\"https:\/\/mci52.fr\/index.php\/produit\/epson-t18\/\"]}]},{\"@type\":\"ImageObject\",\"inLanguage\":\"fr-FR\",\"@id\":\"https:\/\/mci52.fr\/index.php\/produit\/epson-t18\/#primaryimage\",\"url\":\"https:\/\/mci52.fr\/wp-content\/uploads\/2023\/01\/epson-t1804-jaune-cartouche-d-encre-8063.webp\",\"contentUrl\":\"https:\/\/mci52.fr\/wp-content\/uploads\/2023\/01\/epson-t1804-jaune-cartouche-d-encre-8063.webp\",\"width\":639,\"height\":800,\"caption\":\"Epson T18\"},{\"@type\":\"BreadcrumbList\",\"@id\":\"https:\/\/mci52.fr\/index.php\/produit\/epson-t18\/#breadcrumb\",\"itemListElement\":[{\"@type\":\"ListItem\",\"position\":1,\"name\":\"Accueil\",\"item\":\"https:\/\/mci52.fr\/\"},{\"@type\":\"ListItem\",\"position\":2,\"name\":\"Cat\u00e9gories\",\"item\":\"https:\/\/mci52.fr\/index.php\/categories\/\"},{\"@type\":\"ListItem\",\"position\":3,\"name\":\"Epson T18 Couleurs et Noir\"}]},{\"@type\":\"WebSite\",\"@id\":\"https:\/\/mci52.fr\/#website\",\"url\":\"https:\/\/mci52.fr\/\",\"name\":\"MCI52\",\"description\":\"\",\"publisher\":{\"@id\":\"https:\/\/mci52.fr\/#organization\"},\"potentialAction\":[{\"@type\":\"SearchAction\",\"target\":{\"@type\":\"EntryPoint\",\"urlTemplate\":\"https:\/\/mci52.fr\/?s={search_term_string}\"},\"query-input\":{\"@type\":\"PropertyValueSpecification\",\"valueRequired\":true,\"valueName\":\"search_term_string\"}}],\"inLanguage\":\"fr-FR\"},{\"@type\":\"Organization\",\"@id\":\"https:\/\/mci52.fr\/#organization\",\"name\":\"mci-informatique\",\"url\":\"https:\/\/mci52.fr\/\",\"logo\":{\"@type\":\"ImageObject\",\"inLanguage\":\"fr-FR\",\"@id\":\"https:\/\/mci52.fr\/#\/schema\/logo\/image\/\",\"url\":\"https:\/\/mci52.fr\/wp-content\/uploads\/2023\/03\/telechargement.png\",\"contentUrl\":\"https:\/\/mci52.fr\/wp-content\/uploads\/2023\/03\/telechargement.png\",\"width\":421,\"height\":119,\"caption\":\"mci-informatique\"},\"image\":{\"@id\":\"https:\/\/mci52.fr\/#\/schema\/logo\/image\/\"}}]}<\/script>\n<!-- \/ Yoast SEO plugin. -->","yoast_head_json":{"title":"Epson T18 Couleurs et Noir - MCI52","description":"Epson T18 R\u00e9duisez vos co\u00fbts d'impression avec la Compatible Epson T18 Pack pour Imprimante Epson Expression Home, imprimez jusqu'\u00e0 2,5 fois plus de page.","robots":{"index":"index","follow":"follow","max-snippet":"max-snippet:-1","max-image-preview":"max-image-preview:large","max-video-preview":"max-video-preview:-1"},"canonical":"https:\/\/mci52.fr\/index.php\/produit\/epson-t18\/","og_locale":"fr_FR","og_type":"article","og_title":"Epson T18 Couleurs et Noir - MCI52","og_description":"Epson T18 R\u00e9duisez vos co\u00fbts d'impression avec la Compatible Epson T18 Pack pour Imprimante Epson Expression Home, imprimez jusqu'\u00e0 2,5 fois plus de page.","og_url":"https:\/\/mci52.fr\/index.php\/produit\/epson-t18\/","og_site_name":"MCI52","article_modified_time":"2023-04-26T14:59:20+00:00","og_image":[{"width":639,"height":800,"url":"https:\/\/mci52.fr\/wp-content\/uploads\/2023\/01\/epson-t1804-jaune-cartouche-d-encre-8063.webp","type":"image\/webp"}],"twitter_card":"summary_large_image","twitter_misc":{"Dur\u00e9e de lecture estim\u00e9e":"1 minute"},"schema":{"@context":"https:\/\/schema.org","@graph":[{"@type":"WebPage","@id":"https:\/\/mci52.fr\/index.php\/produit\/epson-t18\/","url":"https:\/\/mci52.fr\/index.php\/produit\/epson-t18\/","name":"Epson T18 Couleurs et Noir - MCI52","isPartOf":{"@id":"https:\/\/mci52.fr\/#website"},"primaryImageOfPage":{"@id":"https:\/\/mci52.fr\/index.php\/produit\/epson-t18\/#primaryimage"},"image":{"@id":"https:\/\/mci52.fr\/index.php\/produit\/epson-t18\/#primaryimage"},"thumbnailUrl":"https:\/\/mci52.fr\/wp-content\/uploads\/2023\/01\/epson-t1804-jaune-cartouche-d-encre-8063.webp","datePublished":"2023-01-25T21:12:45+00:00","dateModified":"2023-04-26T14:59:20+00:00","description":"Epson T18 R\u00e9duisez vos co\u00fbts d'impression avec la Compatible Epson T18 Pack pour Imprimante Epson Expression Home, imprimez jusqu'\u00e0 2,5 fois plus de page.","breadcrumb":{"@id":"https:\/\/mci52.fr\/index.php\/produit\/epson-t18\/#breadcrumb"},"inLanguage":"fr-FR","potentialAction":[{"@type":"ReadAction","target":["https:\/\/mci52.fr\/index.php\/produit\/epson-t18\/"]}]},{"@type":"ImageObject","inLanguage":"fr-FR","@id":"https:\/\/mci52.fr\/index.php\/produit\/epson-t18\/#primaryimage","url":"https:\/\/mci52.fr\/wp-content\/uploads\/2023\/01\/epson-t1804-jaune-cartouche-d-encre-8063.webp","contentUrl":"https:\/\/mci52.fr\/wp-content\/uploads\/2023\/01\/epson-t1804-jaune-cartouche-d-encre-8063.webp","width":639,"height":800,"caption":"Epson T18"},{"@type":"BreadcrumbList","@id":"https:\/\/mci52.fr\/index.php\/produit\/epson-t18\/#breadcrumb","itemListElement":[{"@type":"ListItem","position":1,"name":"Accueil","item":"https:\/\/mci52.fr\/"},{"@type":"ListItem","position":2,"name":"Cat\u00e9gories","item":"https:\/\/mci52.fr\/index.php\/categories\/"},{"@type":"ListItem","position":3,"name":"Epson T18 Couleurs et Noir"}]},{"@type":"WebSite","@id":"https:\/\/mci52.fr\/#website","url":"https:\/\/mci52.fr\/","name":"MCI52","description":"","publisher":{"@id":"https:\/\/mci52.fr\/#organization"},"potentialAction":[{"@type":"SearchAction","target":{"@type":"EntryPoint","urlTemplate":"https:\/\/mci52.fr\/?s={search_term_string}"},"query-input":{"@type":"PropertyValueSpecification","valueRequired":true,"valueName":"search_term_string"}}],"inLanguage":"fr-FR"},{"@type":"Organization","@id":"https:\/\/mci52.fr\/#organization","name":"mci-informatique","url":"https:\/\/mci52.fr\/","logo":{"@type":"ImageObject","inLanguage":"fr-FR","@id":"https:\/\/mci52.fr\/#\/schema\/logo\/image\/","url":"https:\/\/mci52.fr\/wp-content\/uploads\/2023\/03\/telechargement.png","contentUrl":"https:\/\/mci52.fr\/wp-content\/uploads\/2023\/03\/telechargement.png","width":421,"height":119,"caption":"mci-informatique"},"image":{"@id":"https:\/\/mci52.fr\/#\/schema\/logo\/image\/"}}]}},"_links":{"self":[{"href":"https:\/\/mci52.fr\/index.php\/wp-json\/wp\/v2\/product\/1085","targetHints":{"allow":["GET"]}}],"collection":[{"href":"https:\/\/mci52.fr\/index.php\/wp-json\/wp\/v2\/product"}],"about":[{"href":"https:\/\/mci52.fr\/index.php\/wp-json\/wp\/v2\/types\/product"}],"replies":[{"embeddable":true,"href":"https:\/\/mci52.fr\/index.php\/wp-json\/wp\/v2\/comments?post=1085"}],"version-history":[{"count":4,"href":"https:\/\/mci52.fr\/index.php\/wp-json\/wp\/v2\/product\/1085\/revisions"}],"predecessor-version":[{"id":5208,"href":"https:\/\/mci52.fr\/index.php\/wp-json\/wp\/v2\/product\/1085\/revisions\/5208"}],"wp:featuredmedia":[{"embeddable":true,"href":"https:\/\/mci52.fr\/index.php\/wp-json\/wp\/v2\/media\/1086"}],"wp:attachment":[{"href":"https:\/\/mci52.fr\/index.php\/wp-json\/wp\/v2\/media?parent=1085"}],"wp:term":[{"taxonomy":"product_brand","embeddable":true,"href":"https:\/\/mci52.fr\/index.php\/wp-json\/wp\/v2\/product_brand?post=1085"},{"taxonomy":"product_cat","embeddable":true,"href":"https:\/\/mci52.fr\/index.php\/wp-json\/wp\/v2\/product_cat?post=1085"},{"taxonomy":"product_tag","embeddable":true,"href":"https:\/\/mci52.fr\/index.php\/wp-json\/wp\/v2\/product_tag?post=1085"}],"curies":[{"name":"wp","href":"https:\/\/api.w.org\/{rel}","templated":true}]}}