{"id":2371,"date":"2023-02-14T17:20:01","date_gmt":"2023-02-14T16:20:01","guid":{"rendered":"https:\/\/mci52.fr\/?post_type=product&#038;p=2371"},"modified":"2023-03-15T17:32:51","modified_gmt":"2023-03-15T16:32:51","slug":"lenovo-thinkcentre-m900","status":"publish","type":"product","link":"https:\/\/mci52.fr\/index.php\/produit\/lenovo-thinkcentre-m900\/","title":{"rendered":"Lenovo ThinkCentre M900"},"content":{"rendered":"<p><span style=\"color: #ff0000;\"><em><strong>Lenovo ThinkCentre M900 i5\u00a0<\/strong><\/em><\/span><\/p>\n<p><em><strong>Avec SSD 256 Go et un HDD 500 Go. Avec un SSD 512 Go +100 euros<\/strong><\/em><\/p>\n<p><em><strong>RAM 8 Go DDR3<br \/>\n<\/strong><\/em><\/p>\n<p><em><strong>Graveur DVD<\/strong><\/em><\/p>\n<p><strong><em>\u00a0<\/em><\/strong><strong><em>(certifi\u00e9 et reconditionn\u00e9e g\u00e9n\u00e9rale)<\/em><\/strong><\/p>\n<p><strong><em>Pr\u00e9paration\u00a0 MISE A JOUR COMPLETE\u00a0 \u00a0 \u00a0<\/em><\/strong><\/p>\n<p><strong><em><br \/>\n<\/em><\/strong><strong><em>Clavier et souris OFFERT<\/em><\/strong><\/p>\n<p><em><strong><span style=\"color: #ff0000;\">Ou<\/span><\/strong><\/em><\/p>\n<p><em><strong> <span style=\"color: #ff0000;\">Lenovo ThinkCentre M900 i7<\/span><\/strong><\/em><\/p>\n<p><em><b>Avec SSD en option et 2 x HDD 500 Go( 1 pour syst\u00e8me et 1 pour la sauvegarde). Avec SSD 256 Go en Syst\u00e8me (+80)<\/b><\/em><\/p>\n<p><em><strong>8 Go Ram DDR3, Graveur DVD<\/strong><\/em><\/p>\n<p><strong><em>Pr\u00e9paration\u00a0 MISE A JOUR COMPLETE\u00a0 \u00a0 \u00a0<\/em><\/strong><strong><em>Clavier et souris OFFERT<\/em><\/strong><\/p>\n","protected":false},"excerpt":{"rendered":"<p>Lenovo ThinkCentre M900 i5\u00a0 Avec SSD 256 Go et un HDD 500 Go. Avec un SSD 512 Go +100 euros RAM 8 Go DDR3 Graveur DVD \u00a0(certifi\u00e9 et reconditionn\u00e9e g\u00e9n\u00e9rale) Pr\u00e9paration\u00a0 MISE A JOUR COMPLETE\u00a0 \u00a0 \u00a0 Clavier et souris OFFERT Ou Lenovo ThinkCentre M900 i7 Avec SSD en option et 2 x HDD 500 [&hellip;]<\/p>\n","protected":false},"featured_media":4386,"comment_status":"open","ping_status":"closed","template":"","meta":{"om_disable_all_campaigns":false,"_monsterinsights_skip_tracking":false,"_monsterinsights_sitenote_active":false,"_monsterinsights_sitenote_note":"","_monsterinsights_sitenote_category":0},"product_brand":[],"product_cat":[97,119,98],"product_tag":[],"class_list":{"0":"post-2371","1":"product","2":"type-product","3":"status-publish","4":"has-post-thumbnail","6":"product_cat-lenovo","7":"product_cat-ordinateur-fixe","8":"product_cat-thinkcentre","10":"first","11":"instock","12":"taxable","13":"shipping-taxable","14":"purchasable","15":"product-type-variable"},"aioseo_notices":[],"yoast_head":"<!-- This site is optimized with the Yoast SEO plugin v25.3.1 - https:\/\/yoast.com\/wordpress\/plugins\/seo\/ -->\n<title>Lenovo ThinkCentre M900 - MCI52<\/title>\n<meta name=\"robots\" content=\"index, follow, max-snippet:-1, max-image-preview:large, max-video-preview:-1\" \/>\n<link rel=\"canonical\" href=\"https:\/\/mci52.fr\/index.php\/produit\/lenovo-thinkcentre-m900\/\" \/>\n<meta property=\"og:locale\" content=\"fr_FR\" \/>\n<meta property=\"og:type\" content=\"article\" \/>\n<meta property=\"og:title\" content=\"Lenovo ThinkCentre M900 - MCI52\" \/>\n<meta property=\"og:description\" content=\"Lenovo ThinkCentre M900 i5\u00a0 Avec SSD 256 Go et un HDD 500 Go. Avec un SSD 512 Go +100 euros RAM 8 Go DDR3 Graveur DVD \u00a0(certifi\u00e9 et reconditionn\u00e9e g\u00e9n\u00e9rale) Pr\u00e9paration\u00a0 MISE A JOUR COMPLETE\u00a0 \u00a0 \u00a0 Clavier et souris OFFERT Ou Lenovo ThinkCentre M900 i7 Avec SSD en option et 2 x HDD 500 [&hellip;]\" \/>\n<meta property=\"og:url\" content=\"https:\/\/mci52.fr\/index.php\/produit\/lenovo-thinkcentre-m900\/\" \/>\n<meta property=\"og:site_name\" content=\"MCI52\" \/>\n<meta property=\"article:modified_time\" content=\"2023-03-15T16:32:51+00:00\" \/>\n<meta property=\"og:image\" content=\"https:\/\/mci52.fr\/wp-content\/uploads\/2023\/02\/img01_tcm100-6759701_tcm100-5309118-32-scaled.jpg\" \/>\n\t<meta property=\"og:image:width\" content=\"2560\" \/>\n\t<meta property=\"og:image:height\" content=\"1587\" \/>\n\t<meta property=\"og:image:type\" content=\"image\/jpeg\" \/>\n<meta name=\"twitter:card\" content=\"summary_large_image\" \/>\n<meta name=\"twitter:label1\" content=\"Dur\u00e9e de lecture estim\u00e9e\" \/>\n\t<meta name=\"twitter:data1\" content=\"1 minute\" \/>\n<script type=\"application\/ld+json\" class=\"yoast-schema-graph\">{\"@context\":\"https:\/\/schema.org\",\"@graph\":[{\"@type\":\"WebPage\",\"@id\":\"https:\/\/mci52.fr\/index.php\/produit\/lenovo-thinkcentre-m900\/\",\"url\":\"https:\/\/mci52.fr\/index.php\/produit\/lenovo-thinkcentre-m900\/\",\"name\":\"Lenovo ThinkCentre M900 - MCI52\",\"isPartOf\":{\"@id\":\"https:\/\/mci52.fr\/#website\"},\"primaryImageOfPage\":{\"@id\":\"https:\/\/mci52.fr\/index.php\/produit\/lenovo-thinkcentre-m900\/#primaryimage\"},\"image\":{\"@id\":\"https:\/\/mci52.fr\/index.php\/produit\/lenovo-thinkcentre-m900\/#primaryimage\"},\"thumbnailUrl\":\"https:\/\/mci52.fr\/wp-content\/uploads\/2023\/02\/img01_tcm100-6759701_tcm100-5309118-32-scaled.jpg\",\"datePublished\":\"2023-02-14T16:20:01+00:00\",\"dateModified\":\"2023-03-15T16:32:51+00:00\",\"breadcrumb\":{\"@id\":\"https:\/\/mci52.fr\/index.php\/produit\/lenovo-thinkcentre-m900\/#breadcrumb\"},\"inLanguage\":\"fr-FR\",\"potentialAction\":[{\"@type\":\"ReadAction\",\"target\":[\"https:\/\/mci52.fr\/index.php\/produit\/lenovo-thinkcentre-m900\/\"]}]},{\"@type\":\"ImageObject\",\"inLanguage\":\"fr-FR\",\"@id\":\"https:\/\/mci52.fr\/index.php\/produit\/lenovo-thinkcentre-m900\/#primaryimage\",\"url\":\"https:\/\/mci52.fr\/wp-content\/uploads\/2023\/02\/img01_tcm100-6759701_tcm100-5309118-32-scaled.jpg\",\"contentUrl\":\"https:\/\/mci52.fr\/wp-content\/uploads\/2023\/02\/img01_tcm100-6759701_tcm100-5309118-32-scaled.jpg\",\"width\":600,\"height\":372},{\"@type\":\"BreadcrumbList\",\"@id\":\"https:\/\/mci52.fr\/index.php\/produit\/lenovo-thinkcentre-m900\/#breadcrumb\",\"itemListElement\":[{\"@type\":\"ListItem\",\"position\":1,\"name\":\"Accueil\",\"item\":\"https:\/\/mci52.fr\/\"},{\"@type\":\"ListItem\",\"position\":2,\"name\":\"Cat\u00e9gories\",\"item\":\"https:\/\/mci52.fr\/index.php\/categories\/\"},{\"@type\":\"ListItem\",\"position\":3,\"name\":\"Lenovo ThinkCentre M900\"}]},{\"@type\":\"WebSite\",\"@id\":\"https:\/\/mci52.fr\/#website\",\"url\":\"https:\/\/mci52.fr\/\",\"name\":\"MCI52\",\"description\":\"\",\"publisher\":{\"@id\":\"https:\/\/mci52.fr\/#organization\"},\"potentialAction\":[{\"@type\":\"SearchAction\",\"target\":{\"@type\":\"EntryPoint\",\"urlTemplate\":\"https:\/\/mci52.fr\/?s={search_term_string}\"},\"query-input\":{\"@type\":\"PropertyValueSpecification\",\"valueRequired\":true,\"valueName\":\"search_term_string\"}}],\"inLanguage\":\"fr-FR\"},{\"@type\":\"Organization\",\"@id\":\"https:\/\/mci52.fr\/#organization\",\"name\":\"mci-informatique\",\"url\":\"https:\/\/mci52.fr\/\",\"logo\":{\"@type\":\"ImageObject\",\"inLanguage\":\"fr-FR\",\"@id\":\"https:\/\/mci52.fr\/#\/schema\/logo\/image\/\",\"url\":\"https:\/\/mci52.fr\/wp-content\/uploads\/2023\/03\/telechargement.png\",\"contentUrl\":\"https:\/\/mci52.fr\/wp-content\/uploads\/2023\/03\/telechargement.png\",\"width\":421,\"height\":119,\"caption\":\"mci-informatique\"},\"image\":{\"@id\":\"https:\/\/mci52.fr\/#\/schema\/logo\/image\/\"}}]}<\/script>\n<!-- \/ Yoast SEO plugin. -->","yoast_head_json":{"title":"Lenovo ThinkCentre M900 - MCI52","robots":{"index":"index","follow":"follow","max-snippet":"max-snippet:-1","max-image-preview":"max-image-preview:large","max-video-preview":"max-video-preview:-1"},"canonical":"https:\/\/mci52.fr\/index.php\/produit\/lenovo-thinkcentre-m900\/","og_locale":"fr_FR","og_type":"article","og_title":"Lenovo ThinkCentre M900 - MCI52","og_description":"Lenovo ThinkCentre M900 i5\u00a0 Avec SSD 256 Go et un HDD 500 Go. Avec un SSD 512 Go +100 euros RAM 8 Go DDR3 Graveur DVD \u00a0(certifi\u00e9 et reconditionn\u00e9e g\u00e9n\u00e9rale) Pr\u00e9paration\u00a0 MISE A JOUR COMPLETE\u00a0 \u00a0 \u00a0 Clavier et souris OFFERT Ou Lenovo ThinkCentre M900 i7 Avec SSD en option et 2 x HDD 500 [&hellip;]","og_url":"https:\/\/mci52.fr\/index.php\/produit\/lenovo-thinkcentre-m900\/","og_site_name":"MCI52","article_modified_time":"2023-03-15T16:32:51+00:00","og_image":[{"width":2560,"height":1587,"url":"https:\/\/mci52.fr\/wp-content\/uploads\/2023\/02\/img01_tcm100-6759701_tcm100-5309118-32-scaled.jpg","type":"image\/jpeg"}],"twitter_card":"summary_large_image","twitter_misc":{"Dur\u00e9e de lecture estim\u00e9e":"1 minute"},"schema":{"@context":"https:\/\/schema.org","@graph":[{"@type":"WebPage","@id":"https:\/\/mci52.fr\/index.php\/produit\/lenovo-thinkcentre-m900\/","url":"https:\/\/mci52.fr\/index.php\/produit\/lenovo-thinkcentre-m900\/","name":"Lenovo ThinkCentre M900 - MCI52","isPartOf":{"@id":"https:\/\/mci52.fr\/#website"},"primaryImageOfPage":{"@id":"https:\/\/mci52.fr\/index.php\/produit\/lenovo-thinkcentre-m900\/#primaryimage"},"image":{"@id":"https:\/\/mci52.fr\/index.php\/produit\/lenovo-thinkcentre-m900\/#primaryimage"},"thumbnailUrl":"https:\/\/mci52.fr\/wp-content\/uploads\/2023\/02\/img01_tcm100-6759701_tcm100-5309118-32-scaled.jpg","datePublished":"2023-02-14T16:20:01+00:00","dateModified":"2023-03-15T16:32:51+00:00","breadcrumb":{"@id":"https:\/\/mci52.fr\/index.php\/produit\/lenovo-thinkcentre-m900\/#breadcrumb"},"inLanguage":"fr-FR","potentialAction":[{"@type":"ReadAction","target":["https:\/\/mci52.fr\/index.php\/produit\/lenovo-thinkcentre-m900\/"]}]},{"@type":"ImageObject","inLanguage":"fr-FR","@id":"https:\/\/mci52.fr\/index.php\/produit\/lenovo-thinkcentre-m900\/#primaryimage","url":"https:\/\/mci52.fr\/wp-content\/uploads\/2023\/02\/img01_tcm100-6759701_tcm100-5309118-32-scaled.jpg","contentUrl":"https:\/\/mci52.fr\/wp-content\/uploads\/2023\/02\/img01_tcm100-6759701_tcm100-5309118-32-scaled.jpg","width":600,"height":372},{"@type":"BreadcrumbList","@id":"https:\/\/mci52.fr\/index.php\/produit\/lenovo-thinkcentre-m900\/#breadcrumb","itemListElement":[{"@type":"ListItem","position":1,"name":"Accueil","item":"https:\/\/mci52.fr\/"},{"@type":"ListItem","position":2,"name":"Cat\u00e9gories","item":"https:\/\/mci52.fr\/index.php\/categories\/"},{"@type":"ListItem","position":3,"name":"Lenovo ThinkCentre M900"}]},{"@type":"WebSite","@id":"https:\/\/mci52.fr\/#website","url":"https:\/\/mci52.fr\/","name":"MCI52","description":"","publisher":{"@id":"https:\/\/mci52.fr\/#organization"},"potentialAction":[{"@type":"SearchAction","target":{"@type":"EntryPoint","urlTemplate":"https:\/\/mci52.fr\/?s={search_term_string}"},"query-input":{"@type":"PropertyValueSpecification","valueRequired":true,"valueName":"search_term_string"}}],"inLanguage":"fr-FR"},{"@type":"Organization","@id":"https:\/\/mci52.fr\/#organization","name":"mci-informatique","url":"https:\/\/mci52.fr\/","logo":{"@type":"ImageObject","inLanguage":"fr-FR","@id":"https:\/\/mci52.fr\/#\/schema\/logo\/image\/","url":"https:\/\/mci52.fr\/wp-content\/uploads\/2023\/03\/telechargement.png","contentUrl":"https:\/\/mci52.fr\/wp-content\/uploads\/2023\/03\/telechargement.png","width":421,"height":119,"caption":"mci-informatique"},"image":{"@id":"https:\/\/mci52.fr\/#\/schema\/logo\/image\/"}}]}},"_links":{"self":[{"href":"https:\/\/mci52.fr\/index.php\/wp-json\/wp\/v2\/product\/2371","targetHints":{"allow":["GET"]}}],"collection":[{"href":"https:\/\/mci52.fr\/index.php\/wp-json\/wp\/v2\/product"}],"about":[{"href":"https:\/\/mci52.fr\/index.php\/wp-json\/wp\/v2\/types\/product"}],"replies":[{"embeddable":true,"href":"https:\/\/mci52.fr\/index.php\/wp-json\/wp\/v2\/comments?post=2371"}],"version-history":[{"count":2,"href":"https:\/\/mci52.fr\/index.php\/wp-json\/wp\/v2\/product\/2371\/revisions"}],"predecessor-version":[{"id":2924,"href":"https:\/\/mci52.fr\/index.php\/wp-json\/wp\/v2\/product\/2371\/revisions\/2924"}],"wp:featuredmedia":[{"embeddable":true,"href":"https:\/\/mci52.fr\/index.php\/wp-json\/wp\/v2\/media\/4386"}],"wp:attachment":[{"href":"https:\/\/mci52.fr\/index.php\/wp-json\/wp\/v2\/media?parent=2371"}],"wp:term":[{"taxonomy":"product_brand","embeddable":true,"href":"https:\/\/mci52.fr\/index.php\/wp-json\/wp\/v2\/product_brand?post=2371"},{"taxonomy":"product_cat","embeddable":true,"href":"https:\/\/mci52.fr\/index.php\/wp-json\/wp\/v2\/product_cat?post=2371"},{"taxonomy":"product_tag","embeddable":true,"href":"https:\/\/mci52.fr\/index.php\/wp-json\/wp\/v2\/product_tag?post=2371"}],"curies":[{"name":"wp","href":"https:\/\/api.w.org\/{rel}","templated":true}]}}