{"id":2379,"date":"2023-02-15T10:50:27","date_gmt":"2023-02-15T09:50:27","guid":{"rendered":"https:\/\/mci52.fr\/?post_type=product&#038;p=2379"},"modified":"2023-03-15T19:56:58","modified_gmt":"2023-03-15T18:56:58","slug":"lenovo-thinkcentre-m710s","status":"publish","type":"product","link":"https:\/\/mci52.fr\/index.php\/produit\/lenovo-thinkcentre-m710s\/","title":{"rendered":"Lenovo ThinkCentre M710S"},"content":{"rendered":"","protected":false},"excerpt":{"rendered":"<p><em><strong>Lenovo ThinkCentre\u00a0 M710S\u00a0 \u00a0 \u00a0 \u00a0 \u00a0 \u00a0 \u00a0 \u00a0 \u00a0 \u00a0 \u00a0 \u00a0 \u00a0 \u00a0 \u00a0 \u00a0 \u00a0 \u00a0 \u00a0 \u00a0 \u00a0 \u00a0 \u00a0 \u00a0 \u00a0 \u00a0 \u00a0 \u00a0 \u00a0 \u00a0 \u00a0 \u00a0 \u00a0 \u00a0 \u00a0 \u00a0 \u00a0 \u00a0 \u00a0 \u00a0 \u00a0 \u00a0 \u00a0 \u00a0 \u00a0 <\/strong><strong>Avec 128Go SSD 4 Go de Ram \/ <\/strong><strong>256 Go SSD 8 Go de Ram \/\u00a0<\/strong><\/em><strong><em>\u00a0500 Go SSD 8 Go de Ram\u00a0 \u00a0 \u00a0 \u00a0 \u00a0 \u00a0 \u00a0 \u00a0 \u00a0 \u00a0 \u00a0 \u00a0 \u00a0 \u00a0 \u00a0 \u00a0 \u00a0 \u00a0 \u00a0 \u00a0 \u00a0 \u00a0 \u00a0 \u00a0 \u00a0 \u00a0 \u00a0 \u00a0 \u00a0 \u00a0 \u00a0 \u00a0 \u00a0<\/em><\/strong><strong><em>(certifi\u00e9 et reconditionn\u00e9e g\u00e9n\u00e9rale)<\/em><\/strong><\/p>\n<p><strong><em>Pr\u00e9paration\u00a0 MISE A JOUR COMPLETE\u00a0 \u00a0 \u00a0<\/em><\/strong><strong><em>Clavier et souris OFFERT<\/em><\/strong><\/p>\n","protected":false},"featured_media":4588,"comment_status":"open","ping_status":"closed","template":"","meta":{"om_disable_all_campaigns":false,"_monsterinsights_skip_tracking":false,"_monsterinsights_sitenote_active":false,"_monsterinsights_sitenote_note":"","_monsterinsights_sitenote_category":0},"product_brand":[],"product_cat":[119,98],"product_tag":[],"class_list":{"0":"post-2379","1":"product","2":"type-product","3":"status-publish","4":"has-post-thumbnail","6":"product_cat-ordinateur-fixe","7":"product_cat-thinkcentre","9":"first","10":"instock","11":"taxable","12":"shipping-taxable","13":"purchasable","14":"product-type-variable"},"aioseo_notices":[],"yoast_head":"<!-- This site is optimized with the Yoast SEO plugin v25.3.1 - https:\/\/yoast.com\/wordpress\/plugins\/seo\/ -->\n<title>Lenovo ThinkCentre M710S - MCI52<\/title>\n<meta name=\"robots\" content=\"index, follow, max-snippet:-1, max-image-preview:large, max-video-preview:-1\" \/>\n<link rel=\"canonical\" href=\"https:\/\/mci52.fr\/index.php\/produit\/lenovo-thinkcentre-m710s\/\" \/>\n<meta property=\"og:locale\" content=\"fr_FR\" \/>\n<meta property=\"og:type\" content=\"article\" \/>\n<meta property=\"og:title\" content=\"Lenovo ThinkCentre M710S - MCI52\" \/>\n<meta property=\"og:description\" content=\"Lenovo ThinkCentre\u00a0 M710S\u00a0 \u00a0 \u00a0 \u00a0 \u00a0 \u00a0 \u00a0 \u00a0 \u00a0 \u00a0 \u00a0 \u00a0 \u00a0 \u00a0 \u00a0 \u00a0 \u00a0 \u00a0 \u00a0 \u00a0 \u00a0 \u00a0 \u00a0 \u00a0 \u00a0 \u00a0 \u00a0 \u00a0 \u00a0 \u00a0 \u00a0 \u00a0 \u00a0 \u00a0 \u00a0 \u00a0 \u00a0 \u00a0 \u00a0 \u00a0 \u00a0 \u00a0 \u00a0 \u00a0 \u00a0 Avec 128Go SSD 4 Go de Ram \/ 256 Go SSD 8 Go de Ram \/\u00a0\u00a0500 Go SSD 8 Go de Ram\u00a0 \u00a0 \u00a0 \u00a0 \u00a0 \u00a0 \u00a0 \u00a0 \u00a0 \u00a0 \u00a0 \u00a0 \u00a0 \u00a0 \u00a0 \u00a0 \u00a0 \u00a0 \u00a0 \u00a0 \u00a0 \u00a0 \u00a0 \u00a0 \u00a0 \u00a0 \u00a0 \u00a0 \u00a0 \u00a0 \u00a0 \u00a0 \u00a0(certifi\u00e9 et reconditionn\u00e9e g\u00e9n\u00e9rale)  Pr\u00e9paration\u00a0 MISE A JOUR COMPLETE\u00a0 \u00a0 \u00a0Clavier et souris OFFERT\" \/>\n<meta property=\"og:url\" content=\"https:\/\/mci52.fr\/index.php\/produit\/lenovo-thinkcentre-m710s\/\" \/>\n<meta property=\"og:site_name\" content=\"MCI52\" \/>\n<meta property=\"article:modified_time\" content=\"2023-03-15T18:56:58+00:00\" \/>\n<meta property=\"og:image\" content=\"https:\/\/mci52.fr\/wp-content\/uploads\/2023\/02\/3701445832153_pdm_0.webp\" \/>\n\t<meta property=\"og:image:width\" content=\"1000\" \/>\n\t<meta property=\"og:image:height\" content=\"1000\" \/>\n\t<meta property=\"og:image:type\" content=\"image\/webp\" \/>\n<meta name=\"twitter:card\" content=\"summary_large_image\" \/>\n<script type=\"application\/ld+json\" class=\"yoast-schema-graph\">{\"@context\":\"https:\/\/schema.org\",\"@graph\":[{\"@type\":\"WebPage\",\"@id\":\"https:\/\/mci52.fr\/index.php\/produit\/lenovo-thinkcentre-m710s\/\",\"url\":\"https:\/\/mci52.fr\/index.php\/produit\/lenovo-thinkcentre-m710s\/\",\"name\":\"Lenovo ThinkCentre M710S - MCI52\",\"isPartOf\":{\"@id\":\"https:\/\/mci52.fr\/#website\"},\"primaryImageOfPage\":{\"@id\":\"https:\/\/mci52.fr\/index.php\/produit\/lenovo-thinkcentre-m710s\/#primaryimage\"},\"image\":{\"@id\":\"https:\/\/mci52.fr\/index.php\/produit\/lenovo-thinkcentre-m710s\/#primaryimage\"},\"thumbnailUrl\":\"https:\/\/mci52.fr\/wp-content\/uploads\/2023\/02\/3701445832153_pdm_0.webp\",\"datePublished\":\"2023-02-15T09:50:27+00:00\",\"dateModified\":\"2023-03-15T18:56:58+00:00\",\"breadcrumb\":{\"@id\":\"https:\/\/mci52.fr\/index.php\/produit\/lenovo-thinkcentre-m710s\/#breadcrumb\"},\"inLanguage\":\"fr-FR\",\"potentialAction\":[{\"@type\":\"ReadAction\",\"target\":[\"https:\/\/mci52.fr\/index.php\/produit\/lenovo-thinkcentre-m710s\/\"]}]},{\"@type\":\"ImageObject\",\"inLanguage\":\"fr-FR\",\"@id\":\"https:\/\/mci52.fr\/index.php\/produit\/lenovo-thinkcentre-m710s\/#primaryimage\",\"url\":\"https:\/\/mci52.fr\/wp-content\/uploads\/2023\/02\/3701445832153_pdm_0.webp\",\"contentUrl\":\"https:\/\/mci52.fr\/wp-content\/uploads\/2023\/02\/3701445832153_pdm_0.webp\",\"width\":1000,\"height\":1000},{\"@type\":\"BreadcrumbList\",\"@id\":\"https:\/\/mci52.fr\/index.php\/produit\/lenovo-thinkcentre-m710s\/#breadcrumb\",\"itemListElement\":[{\"@type\":\"ListItem\",\"position\":1,\"name\":\"Accueil\",\"item\":\"https:\/\/mci52.fr\/\"},{\"@type\":\"ListItem\",\"position\":2,\"name\":\"Cat\u00e9gories\",\"item\":\"https:\/\/mci52.fr\/index.php\/categories\/\"},{\"@type\":\"ListItem\",\"position\":3,\"name\":\"Lenovo ThinkCentre M710S\"}]},{\"@type\":\"WebSite\",\"@id\":\"https:\/\/mci52.fr\/#website\",\"url\":\"https:\/\/mci52.fr\/\",\"name\":\"MCI52\",\"description\":\"\",\"publisher\":{\"@id\":\"https:\/\/mci52.fr\/#organization\"},\"potentialAction\":[{\"@type\":\"SearchAction\",\"target\":{\"@type\":\"EntryPoint\",\"urlTemplate\":\"https:\/\/mci52.fr\/?s={search_term_string}\"},\"query-input\":{\"@type\":\"PropertyValueSpecification\",\"valueRequired\":true,\"valueName\":\"search_term_string\"}}],\"inLanguage\":\"fr-FR\"},{\"@type\":\"Organization\",\"@id\":\"https:\/\/mci52.fr\/#organization\",\"name\":\"mci-informatique\",\"url\":\"https:\/\/mci52.fr\/\",\"logo\":{\"@type\":\"ImageObject\",\"inLanguage\":\"fr-FR\",\"@id\":\"https:\/\/mci52.fr\/#\/schema\/logo\/image\/\",\"url\":\"https:\/\/mci52.fr\/wp-content\/uploads\/2023\/03\/telechargement.png\",\"contentUrl\":\"https:\/\/mci52.fr\/wp-content\/uploads\/2023\/03\/telechargement.png\",\"width\":421,\"height\":119,\"caption\":\"mci-informatique\"},\"image\":{\"@id\":\"https:\/\/mci52.fr\/#\/schema\/logo\/image\/\"}}]}<\/script>\n<!-- \/ Yoast SEO plugin. -->","yoast_head_json":{"title":"Lenovo ThinkCentre M710S - MCI52","robots":{"index":"index","follow":"follow","max-snippet":"max-snippet:-1","max-image-preview":"max-image-preview:large","max-video-preview":"max-video-preview:-1"},"canonical":"https:\/\/mci52.fr\/index.php\/produit\/lenovo-thinkcentre-m710s\/","og_locale":"fr_FR","og_type":"article","og_title":"Lenovo ThinkCentre M710S - MCI52","og_description":"Lenovo ThinkCentre\u00a0 M710S\u00a0 \u00a0 \u00a0 \u00a0 \u00a0 \u00a0 \u00a0 \u00a0 \u00a0 \u00a0 \u00a0 \u00a0 \u00a0 \u00a0 \u00a0 \u00a0 \u00a0 \u00a0 \u00a0 \u00a0 \u00a0 \u00a0 \u00a0 \u00a0 \u00a0 \u00a0 \u00a0 \u00a0 \u00a0 \u00a0 \u00a0 \u00a0 \u00a0 \u00a0 \u00a0 \u00a0 \u00a0 \u00a0 \u00a0 \u00a0 \u00a0 \u00a0 \u00a0 \u00a0 \u00a0 Avec 128Go SSD 4 Go de Ram \/ 256 Go SSD 8 Go de Ram \/\u00a0\u00a0500 Go SSD 8 Go de Ram\u00a0 \u00a0 \u00a0 \u00a0 \u00a0 \u00a0 \u00a0 \u00a0 \u00a0 \u00a0 \u00a0 \u00a0 \u00a0 \u00a0 \u00a0 \u00a0 \u00a0 \u00a0 \u00a0 \u00a0 \u00a0 \u00a0 \u00a0 \u00a0 \u00a0 \u00a0 \u00a0 \u00a0 \u00a0 \u00a0 \u00a0 \u00a0 \u00a0(certifi\u00e9 et reconditionn\u00e9e g\u00e9n\u00e9rale)  Pr\u00e9paration\u00a0 MISE A JOUR COMPLETE\u00a0 \u00a0 \u00a0Clavier et souris OFFERT","og_url":"https:\/\/mci52.fr\/index.php\/produit\/lenovo-thinkcentre-m710s\/","og_site_name":"MCI52","article_modified_time":"2023-03-15T18:56:58+00:00","og_image":[{"width":1000,"height":1000,"url":"https:\/\/mci52.fr\/wp-content\/uploads\/2023\/02\/3701445832153_pdm_0.webp","type":"image\/webp"}],"twitter_card":"summary_large_image","schema":{"@context":"https:\/\/schema.org","@graph":[{"@type":"WebPage","@id":"https:\/\/mci52.fr\/index.php\/produit\/lenovo-thinkcentre-m710s\/","url":"https:\/\/mci52.fr\/index.php\/produit\/lenovo-thinkcentre-m710s\/","name":"Lenovo ThinkCentre M710S - MCI52","isPartOf":{"@id":"https:\/\/mci52.fr\/#website"},"primaryImageOfPage":{"@id":"https:\/\/mci52.fr\/index.php\/produit\/lenovo-thinkcentre-m710s\/#primaryimage"},"image":{"@id":"https:\/\/mci52.fr\/index.php\/produit\/lenovo-thinkcentre-m710s\/#primaryimage"},"thumbnailUrl":"https:\/\/mci52.fr\/wp-content\/uploads\/2023\/02\/3701445832153_pdm_0.webp","datePublished":"2023-02-15T09:50:27+00:00","dateModified":"2023-03-15T18:56:58+00:00","breadcrumb":{"@id":"https:\/\/mci52.fr\/index.php\/produit\/lenovo-thinkcentre-m710s\/#breadcrumb"},"inLanguage":"fr-FR","potentialAction":[{"@type":"ReadAction","target":["https:\/\/mci52.fr\/index.php\/produit\/lenovo-thinkcentre-m710s\/"]}]},{"@type":"ImageObject","inLanguage":"fr-FR","@id":"https:\/\/mci52.fr\/index.php\/produit\/lenovo-thinkcentre-m710s\/#primaryimage","url":"https:\/\/mci52.fr\/wp-content\/uploads\/2023\/02\/3701445832153_pdm_0.webp","contentUrl":"https:\/\/mci52.fr\/wp-content\/uploads\/2023\/02\/3701445832153_pdm_0.webp","width":1000,"height":1000},{"@type":"BreadcrumbList","@id":"https:\/\/mci52.fr\/index.php\/produit\/lenovo-thinkcentre-m710s\/#breadcrumb","itemListElement":[{"@type":"ListItem","position":1,"name":"Accueil","item":"https:\/\/mci52.fr\/"},{"@type":"ListItem","position":2,"name":"Cat\u00e9gories","item":"https:\/\/mci52.fr\/index.php\/categories\/"},{"@type":"ListItem","position":3,"name":"Lenovo ThinkCentre M710S"}]},{"@type":"WebSite","@id":"https:\/\/mci52.fr\/#website","url":"https:\/\/mci52.fr\/","name":"MCI52","description":"","publisher":{"@id":"https:\/\/mci52.fr\/#organization"},"potentialAction":[{"@type":"SearchAction","target":{"@type":"EntryPoint","urlTemplate":"https:\/\/mci52.fr\/?s={search_term_string}"},"query-input":{"@type":"PropertyValueSpecification","valueRequired":true,"valueName":"search_term_string"}}],"inLanguage":"fr-FR"},{"@type":"Organization","@id":"https:\/\/mci52.fr\/#organization","name":"mci-informatique","url":"https:\/\/mci52.fr\/","logo":{"@type":"ImageObject","inLanguage":"fr-FR","@id":"https:\/\/mci52.fr\/#\/schema\/logo\/image\/","url":"https:\/\/mci52.fr\/wp-content\/uploads\/2023\/03\/telechargement.png","contentUrl":"https:\/\/mci52.fr\/wp-content\/uploads\/2023\/03\/telechargement.png","width":421,"height":119,"caption":"mci-informatique"},"image":{"@id":"https:\/\/mci52.fr\/#\/schema\/logo\/image\/"}}]}},"_links":{"self":[{"href":"https:\/\/mci52.fr\/index.php\/wp-json\/wp\/v2\/product\/2379","targetHints":{"allow":["GET"]}}],"collection":[{"href":"https:\/\/mci52.fr\/index.php\/wp-json\/wp\/v2\/product"}],"about":[{"href":"https:\/\/mci52.fr\/index.php\/wp-json\/wp\/v2\/types\/product"}],"replies":[{"embeddable":true,"href":"https:\/\/mci52.fr\/index.php\/wp-json\/wp\/v2\/comments?post=2379"}],"version-history":[{"count":2,"href":"https:\/\/mci52.fr\/index.php\/wp-json\/wp\/v2\/product\/2379\/revisions"}],"predecessor-version":[{"id":3067,"href":"https:\/\/mci52.fr\/index.php\/wp-json\/wp\/v2\/product\/2379\/revisions\/3067"}],"wp:featuredmedia":[{"embeddable":true,"href":"https:\/\/mci52.fr\/index.php\/wp-json\/wp\/v2\/media\/4588"}],"wp:attachment":[{"href":"https:\/\/mci52.fr\/index.php\/wp-json\/wp\/v2\/media?parent=2379"}],"wp:term":[{"taxonomy":"product_brand","embeddable":true,"href":"https:\/\/mci52.fr\/index.php\/wp-json\/wp\/v2\/product_brand?post=2379"},{"taxonomy":"product_cat","embeddable":true,"href":"https:\/\/mci52.fr\/index.php\/wp-json\/wp\/v2\/product_cat?post=2379"},{"taxonomy":"product_tag","embeddable":true,"href":"https:\/\/mci52.fr\/index.php\/wp-json\/wp\/v2\/product_tag?post=2379"}],"curies":[{"name":"wp","href":"https:\/\/api.w.org\/{rel}","templated":true}]}}