{"id":2380,"date":"2023-02-14T22:45:56","date_gmt":"2023-02-14T21:45:56","guid":{"rendered":"https:\/\/mci52.fr\/?post_type=product&#038;p=2380"},"modified":"2023-03-21T17:28:30","modified_gmt":"2023-03-21T16:28:30","slug":"dell-optiplex-9020","status":"publish","type":"product","link":"https:\/\/mci52.fr\/index.php\/produit\/dell-optiplex-9020\/","title":{"rendered":"Dell  Optiplex  9020"},"content":{"rendered":"<p><em><strong>Dell Optiflex 9020 ( Pc d&rsquo;occasion)<\/strong><\/em><\/p>\n<p><em><strong>Processeur i3 4160\u00a0 3,60Ghz\u00a0 \u00a0 \u00a0 \u00a0 \u00a0 \u00a0 \u00a0 \u00a0 \u00a0 \u00a0 \u00a0 \u00a0 \u00a0 \u00a0 \u00a0 \u00a0 \u00a0 \u00a0 \u00a0 \u00a0 \u00a0 \u00a0 \u00a0 \u00a0 \u00a0 \u00a0 \u00a0 \u00a0 \u00a0 \u00a0 \u00a0 \u00a0 \u00a0 \u00a0 \u00a0 \u00a0 \u00a0 \u00a0 \u00a0 \u00a0 \u00a0 \u00a0 \u00a0 <\/strong><\/em><\/p>\n<p><em><strong>Ram au choix<\/strong><\/em><\/p>\n<p><em><strong>Stockage au choix<\/strong><\/em><\/p>\n<p><em><strong>Windows au choix\u00a0 \u00a0 \u00a0 \u00a0 \u00a0 \u00a0 \u00a0 \u00a0 \u00a0 \u00a0 \u00a0 \u00a0 \u00a0 \u00a0 \u00a0 \u00a0 \u00a0 \u00a0 \u00a0 \u00a0 \u00a0 \u00a0 \u00a0 \u00a0 \u00a0 \u00a0 \u00a0 \u00a0 \u00a0 \u00a0<\/strong><\/em><\/p>\n<p><em><strong>\u00a0<\/strong><\/em><em><strong>Graveur\u00a0 DVD\u00a0 Slim\u00a0 \u00a0 \u00a0 \u00a0 \u00a0 \u00a0 \u00a0 \u00a0 \u00a0 \u00a0 \u00a0 \u00a0 <\/strong><\/em><strong><em>\u00a0<\/em><\/strong><\/p>\n<p><strong><em>(certifi\u00e9 et reconditionn\u00e9e g\u00e9n\u00e9rale)<\/em><\/strong><\/p>\n<p><strong><em>Pr\u00e9paration\u00a0 MISE A JOUR COMPLETE\u00a0 \u00a0 \u00a0<\/em><\/strong><\/p>\n<p><strong><em>Clavier et souris OFFERT<\/em><\/strong><\/p>\n","protected":false},"excerpt":{"rendered":"<p style=\"text-align: left;\"><em><strong>Dell Optiflex 9020 ( Pc d&rsquo;occasion)<\/strong><\/em><\/p>\n<p style=\"text-align: left;\"><em><strong>Processeur i3 4160 3,60Ghz\u00a0 \u00a0 \u00a0 \u00a0 \u00a0 \u00a0 \u00a0 \u00a0 \u00a0 \u00a0 \u00a0 \u00a0 \u00a0 \u00a0 \u00a0 \u00a0 \u00a0 \u00a0 \u00a0 \u00a0 \u00a0 \u00a0 \u00a0 \u00a0 \u00a0 \u00a0 \u00a0 \u00a0 \u00a0 \u00a0 \u00a0 \u00a0 \u00a0 \u00a0 \u00a0 \u00a0 \u00a0 \u00a0 \u00a0 \u00a0 \u00a0 \u00a0 \u00a0 <\/strong><\/em><\/p>\n<p style=\"text-align: left;\"><em><strong>Ram au choix<\/strong><\/em><\/p>\n<p style=\"text-align: left;\"><em><strong>Stockage au choix<\/strong><\/em><\/p>\n<p style=\"text-align: left;\"><em><strong>Windows au choix<\/strong><\/em><\/p>\n<p style=\"text-align: left;\"><em><strong>\u00a0<\/strong><\/em><em><strong>Graveur\u00a0 DVD\u00a0 Slim\u00a0 \u00a0 \u00a0 \u00a0 \u00a0 \u00a0 \u00a0 \u00a0 \u00a0 \u00a0 \u00a0 \u00a0 <\/strong><\/em><strong><em>\u00a0<\/em><\/strong><\/p>\n<p style=\"text-align: left;\">\n","protected":false},"featured_media":5047,"comment_status":"open","ping_status":"closed","template":"","meta":{"om_disable_all_campaigns":false,"_monsterinsights_skip_tracking":false,"_monsterinsights_sitenote_active":false,"_monsterinsights_sitenote_note":"","_monsterinsights_sitenote_category":0},"product_brand":[],"product_cat":[99,119],"product_tag":[],"class_list":{"0":"post-2380","1":"product","2":"type-product","3":"status-publish","4":"has-post-thumbnail","6":"product_cat-dell","7":"product_cat-ordinateur-fixe","9":"first","10":"instock","11":"taxable","12":"shipping-taxable","13":"purchasable","14":"product-type-variable"},"aioseo_notices":[],"yoast_head":"<!-- This site is optimized with the Yoast SEO plugin v25.3.1 - https:\/\/yoast.com\/wordpress\/plugins\/seo\/ -->\n<title>Dell Optiplex 9020 - MCI52<\/title>\n<meta name=\"robots\" content=\"index, follow, max-snippet:-1, max-image-preview:large, max-video-preview:-1\" \/>\n<link rel=\"canonical\" href=\"https:\/\/mci52.fr\/index.php\/produit\/dell-optiplex-9020\/\" \/>\n<meta property=\"og:locale\" content=\"fr_FR\" \/>\n<meta property=\"og:type\" content=\"article\" \/>\n<meta property=\"og:title\" content=\"Dell Optiplex 9020 - MCI52\" \/>\n<meta property=\"og:description\" content=\"Dell Optiflex 9020 ( Pc d&#039;occasion) Processeur i3 4160 3,60Ghz\u00a0 \u00a0 \u00a0 \u00a0 \u00a0 \u00a0 \u00a0 \u00a0 \u00a0 \u00a0 \u00a0 \u00a0 \u00a0 \u00a0 \u00a0 \u00a0 \u00a0 \u00a0 \u00a0 \u00a0 \u00a0 \u00a0 \u00a0 \u00a0 \u00a0 \u00a0 \u00a0 \u00a0 \u00a0 \u00a0 \u00a0 \u00a0 \u00a0 \u00a0 \u00a0 \u00a0 \u00a0 \u00a0 \u00a0 \u00a0 \u00a0 \u00a0 \u00a0  Ram au choix Stockage au choix Windows au choix \u00a0Graveur\u00a0 DVD\u00a0 Slim\u00a0 \u00a0 \u00a0 \u00a0 \u00a0 \u00a0 \u00a0 \u00a0 \u00a0 \u00a0 \u00a0 \u00a0 \u00a0\" \/>\n<meta property=\"og:url\" content=\"https:\/\/mci52.fr\/index.php\/produit\/dell-optiplex-9020\/\" \/>\n<meta property=\"og:site_name\" content=\"MCI52\" \/>\n<meta property=\"article:modified_time\" content=\"2023-03-21T16:28:30+00:00\" \/>\n<meta property=\"og:image\" content=\"https:\/\/mci52.fr\/wp-content\/uploads\/2023\/02\/dell-optiplex-9020-i5-sff-occasion-reconditionne-garanti-pas-cher.jpg\" \/>\n\t<meta property=\"og:image:width\" content=\"800\" \/>\n\t<meta property=\"og:image:height\" content=\"800\" \/>\n\t<meta property=\"og:image:type\" content=\"image\/jpeg\" \/>\n<meta name=\"twitter:card\" content=\"summary_large_image\" \/>\n<meta name=\"twitter:label1\" content=\"Dur\u00e9e de lecture estim\u00e9e\" \/>\n\t<meta name=\"twitter:data1\" content=\"1 minute\" \/>\n<script type=\"application\/ld+json\" class=\"yoast-schema-graph\">{\"@context\":\"https:\/\/schema.org\",\"@graph\":[{\"@type\":\"WebPage\",\"@id\":\"https:\/\/mci52.fr\/index.php\/produit\/dell-optiplex-9020\/\",\"url\":\"https:\/\/mci52.fr\/index.php\/produit\/dell-optiplex-9020\/\",\"name\":\"Dell Optiplex 9020 - MCI52\",\"isPartOf\":{\"@id\":\"https:\/\/mci52.fr\/#website\"},\"primaryImageOfPage\":{\"@id\":\"https:\/\/mci52.fr\/index.php\/produit\/dell-optiplex-9020\/#primaryimage\"},\"image\":{\"@id\":\"https:\/\/mci52.fr\/index.php\/produit\/dell-optiplex-9020\/#primaryimage\"},\"thumbnailUrl\":\"https:\/\/mci52.fr\/wp-content\/uploads\/2023\/02\/dell-optiplex-9020-i5-sff-occasion-reconditionne-garanti-pas-cher.jpg\",\"datePublished\":\"2023-02-14T21:45:56+00:00\",\"dateModified\":\"2023-03-21T16:28:30+00:00\",\"breadcrumb\":{\"@id\":\"https:\/\/mci52.fr\/index.php\/produit\/dell-optiplex-9020\/#breadcrumb\"},\"inLanguage\":\"fr-FR\",\"potentialAction\":[{\"@type\":\"ReadAction\",\"target\":[\"https:\/\/mci52.fr\/index.php\/produit\/dell-optiplex-9020\/\"]}]},{\"@type\":\"ImageObject\",\"inLanguage\":\"fr-FR\",\"@id\":\"https:\/\/mci52.fr\/index.php\/produit\/dell-optiplex-9020\/#primaryimage\",\"url\":\"https:\/\/mci52.fr\/wp-content\/uploads\/2023\/02\/dell-optiplex-9020-i5-sff-occasion-reconditionne-garanti-pas-cher.jpg\",\"contentUrl\":\"https:\/\/mci52.fr\/wp-content\/uploads\/2023\/02\/dell-optiplex-9020-i5-sff-occasion-reconditionne-garanti-pas-cher.jpg\",\"width\":800,\"height\":800},{\"@type\":\"BreadcrumbList\",\"@id\":\"https:\/\/mci52.fr\/index.php\/produit\/dell-optiplex-9020\/#breadcrumb\",\"itemListElement\":[{\"@type\":\"ListItem\",\"position\":1,\"name\":\"Accueil\",\"item\":\"https:\/\/mci52.fr\/\"},{\"@type\":\"ListItem\",\"position\":2,\"name\":\"Cat\u00e9gories\",\"item\":\"https:\/\/mci52.fr\/index.php\/categories\/\"},{\"@type\":\"ListItem\",\"position\":3,\"name\":\"Dell Optiplex 9020\"}]},{\"@type\":\"WebSite\",\"@id\":\"https:\/\/mci52.fr\/#website\",\"url\":\"https:\/\/mci52.fr\/\",\"name\":\"MCI52\",\"description\":\"\",\"publisher\":{\"@id\":\"https:\/\/mci52.fr\/#organization\"},\"potentialAction\":[{\"@type\":\"SearchAction\",\"target\":{\"@type\":\"EntryPoint\",\"urlTemplate\":\"https:\/\/mci52.fr\/?s={search_term_string}\"},\"query-input\":{\"@type\":\"PropertyValueSpecification\",\"valueRequired\":true,\"valueName\":\"search_term_string\"}}],\"inLanguage\":\"fr-FR\"},{\"@type\":\"Organization\",\"@id\":\"https:\/\/mci52.fr\/#organization\",\"name\":\"mci-informatique\",\"url\":\"https:\/\/mci52.fr\/\",\"logo\":{\"@type\":\"ImageObject\",\"inLanguage\":\"fr-FR\",\"@id\":\"https:\/\/mci52.fr\/#\/schema\/logo\/image\/\",\"url\":\"https:\/\/mci52.fr\/wp-content\/uploads\/2023\/03\/telechargement.png\",\"contentUrl\":\"https:\/\/mci52.fr\/wp-content\/uploads\/2023\/03\/telechargement.png\",\"width\":421,\"height\":119,\"caption\":\"mci-informatique\"},\"image\":{\"@id\":\"https:\/\/mci52.fr\/#\/schema\/logo\/image\/\"}}]}<\/script>\n<!-- \/ Yoast SEO plugin. -->","yoast_head_json":{"title":"Dell Optiplex 9020 - MCI52","robots":{"index":"index","follow":"follow","max-snippet":"max-snippet:-1","max-image-preview":"max-image-preview:large","max-video-preview":"max-video-preview:-1"},"canonical":"https:\/\/mci52.fr\/index.php\/produit\/dell-optiplex-9020\/","og_locale":"fr_FR","og_type":"article","og_title":"Dell Optiplex 9020 - MCI52","og_description":"Dell Optiflex 9020 ( Pc d'occasion) Processeur i3 4160 3,60Ghz\u00a0 \u00a0 \u00a0 \u00a0 \u00a0 \u00a0 \u00a0 \u00a0 \u00a0 \u00a0 \u00a0 \u00a0 \u00a0 \u00a0 \u00a0 \u00a0 \u00a0 \u00a0 \u00a0 \u00a0 \u00a0 \u00a0 \u00a0 \u00a0 \u00a0 \u00a0 \u00a0 \u00a0 \u00a0 \u00a0 \u00a0 \u00a0 \u00a0 \u00a0 \u00a0 \u00a0 \u00a0 \u00a0 \u00a0 \u00a0 \u00a0 \u00a0 \u00a0  Ram au choix Stockage au choix Windows au choix \u00a0Graveur\u00a0 DVD\u00a0 Slim\u00a0 \u00a0 \u00a0 \u00a0 \u00a0 \u00a0 \u00a0 \u00a0 \u00a0 \u00a0 \u00a0 \u00a0 \u00a0","og_url":"https:\/\/mci52.fr\/index.php\/produit\/dell-optiplex-9020\/","og_site_name":"MCI52","article_modified_time":"2023-03-21T16:28:30+00:00","og_image":[{"width":800,"height":800,"url":"https:\/\/mci52.fr\/wp-content\/uploads\/2023\/02\/dell-optiplex-9020-i5-sff-occasion-reconditionne-garanti-pas-cher.jpg","type":"image\/jpeg"}],"twitter_card":"summary_large_image","twitter_misc":{"Dur\u00e9e de lecture estim\u00e9e":"1 minute"},"schema":{"@context":"https:\/\/schema.org","@graph":[{"@type":"WebPage","@id":"https:\/\/mci52.fr\/index.php\/produit\/dell-optiplex-9020\/","url":"https:\/\/mci52.fr\/index.php\/produit\/dell-optiplex-9020\/","name":"Dell Optiplex 9020 - MCI52","isPartOf":{"@id":"https:\/\/mci52.fr\/#website"},"primaryImageOfPage":{"@id":"https:\/\/mci52.fr\/index.php\/produit\/dell-optiplex-9020\/#primaryimage"},"image":{"@id":"https:\/\/mci52.fr\/index.php\/produit\/dell-optiplex-9020\/#primaryimage"},"thumbnailUrl":"https:\/\/mci52.fr\/wp-content\/uploads\/2023\/02\/dell-optiplex-9020-i5-sff-occasion-reconditionne-garanti-pas-cher.jpg","datePublished":"2023-02-14T21:45:56+00:00","dateModified":"2023-03-21T16:28:30+00:00","breadcrumb":{"@id":"https:\/\/mci52.fr\/index.php\/produit\/dell-optiplex-9020\/#breadcrumb"},"inLanguage":"fr-FR","potentialAction":[{"@type":"ReadAction","target":["https:\/\/mci52.fr\/index.php\/produit\/dell-optiplex-9020\/"]}]},{"@type":"ImageObject","inLanguage":"fr-FR","@id":"https:\/\/mci52.fr\/index.php\/produit\/dell-optiplex-9020\/#primaryimage","url":"https:\/\/mci52.fr\/wp-content\/uploads\/2023\/02\/dell-optiplex-9020-i5-sff-occasion-reconditionne-garanti-pas-cher.jpg","contentUrl":"https:\/\/mci52.fr\/wp-content\/uploads\/2023\/02\/dell-optiplex-9020-i5-sff-occasion-reconditionne-garanti-pas-cher.jpg","width":800,"height":800},{"@type":"BreadcrumbList","@id":"https:\/\/mci52.fr\/index.php\/produit\/dell-optiplex-9020\/#breadcrumb","itemListElement":[{"@type":"ListItem","position":1,"name":"Accueil","item":"https:\/\/mci52.fr\/"},{"@type":"ListItem","position":2,"name":"Cat\u00e9gories","item":"https:\/\/mci52.fr\/index.php\/categories\/"},{"@type":"ListItem","position":3,"name":"Dell Optiplex 9020"}]},{"@type":"WebSite","@id":"https:\/\/mci52.fr\/#website","url":"https:\/\/mci52.fr\/","name":"MCI52","description":"","publisher":{"@id":"https:\/\/mci52.fr\/#organization"},"potentialAction":[{"@type":"SearchAction","target":{"@type":"EntryPoint","urlTemplate":"https:\/\/mci52.fr\/?s={search_term_string}"},"query-input":{"@type":"PropertyValueSpecification","valueRequired":true,"valueName":"search_term_string"}}],"inLanguage":"fr-FR"},{"@type":"Organization","@id":"https:\/\/mci52.fr\/#organization","name":"mci-informatique","url":"https:\/\/mci52.fr\/","logo":{"@type":"ImageObject","inLanguage":"fr-FR","@id":"https:\/\/mci52.fr\/#\/schema\/logo\/image\/","url":"https:\/\/mci52.fr\/wp-content\/uploads\/2023\/03\/telechargement.png","contentUrl":"https:\/\/mci52.fr\/wp-content\/uploads\/2023\/03\/telechargement.png","width":421,"height":119,"caption":"mci-informatique"},"image":{"@id":"https:\/\/mci52.fr\/#\/schema\/logo\/image\/"}}]}},"_links":{"self":[{"href":"https:\/\/mci52.fr\/index.php\/wp-json\/wp\/v2\/product\/2380","targetHints":{"allow":["GET"]}}],"collection":[{"href":"https:\/\/mci52.fr\/index.php\/wp-json\/wp\/v2\/product"}],"about":[{"href":"https:\/\/mci52.fr\/index.php\/wp-json\/wp\/v2\/types\/product"}],"replies":[{"embeddable":true,"href":"https:\/\/mci52.fr\/index.php\/wp-json\/wp\/v2\/comments?post=2380"}],"version-history":[{"count":8,"href":"https:\/\/mci52.fr\/index.php\/wp-json\/wp\/v2\/product\/2380\/revisions"}],"predecessor-version":[{"id":5057,"href":"https:\/\/mci52.fr\/index.php\/wp-json\/wp\/v2\/product\/2380\/revisions\/5057"}],"wp:featuredmedia":[{"embeddable":true,"href":"https:\/\/mci52.fr\/index.php\/wp-json\/wp\/v2\/media\/5047"}],"wp:attachment":[{"href":"https:\/\/mci52.fr\/index.php\/wp-json\/wp\/v2\/media?parent=2380"}],"wp:term":[{"taxonomy":"product_brand","embeddable":true,"href":"https:\/\/mci52.fr\/index.php\/wp-json\/wp\/v2\/product_brand?post=2380"},{"taxonomy":"product_cat","embeddable":true,"href":"https:\/\/mci52.fr\/index.php\/wp-json\/wp\/v2\/product_cat?post=2380"},{"taxonomy":"product_tag","embeddable":true,"href":"https:\/\/mci52.fr\/index.php\/wp-json\/wp\/v2\/product_tag?post=2380"}],"curies":[{"name":"wp","href":"https:\/\/api.w.org\/{rel}","templated":true}]}}