{"id":4437,"date":"2023-03-15T13:33:30","date_gmt":"2023-03-15T12:33:30","guid":{"rendered":"https:\/\/mci52.fr\/?post_type=product&#038;p=4437"},"modified":"2025-06-15T04:07:55","modified_gmt":"2025-06-15T02:07:55","slug":"canon-bci3e","status":"publish","type":"product","link":"https:\/\/mci52.fr\/index.php\/produit\/canon-bci3e\/","title":{"rendered":"Canon BCI3E"},"content":{"rendered":"<div class=\"sellingpoints__title\">\n<div><strong>Les points forts<\/strong>:<\/div>\n<\/div>\n<div class=\"description__sellingpoints\">\n<ul>\n<li>Imprimez davantage de documents \u00e0 moindre co\u00fbt<\/li>\n<li>Imprimez plusieurs pages de documents au format A4<\/li>\n<li>L&rsquo;encre Canon authentique vous assure des r\u00e9sultats exceptionnels qui durent toute une vie<\/li>\n<li>Offre toujours des impressions de haute qualit\u00e9<\/li>\n<li>100 % fiable, vous pouvez donc imprimer en toute tranquillit\u00e9<\/li>\n<\/ul>\n<p>Le rendement de 310 pages du pack de cartouches Twinpack Bci-3E Canon et sa qualit\u00e9 d&rsquo;impression experte sauront vous donner satisfaction.<\/p>\n<p>Gr\u00e2ce \u00e0 ce pack \u00e9conomique, anticipez en poss\u00e9dant dans votre bureau tous les consommables qu&rsquo;il vous faudra dans le futur. De mani\u00e8re ponctuelle, il arrive que votre imprimante se trouve sollicit\u00e9e pour imprimer des documents professionnels. Pour vous munir de toners vous fournissant en m\u00eame temps une qualit\u00e9 id\u00e9ale et une capacit\u00e9 adapt\u00e9e, choisissez ce pack de cartouches Twinpack Bci-3E noir Canon. Si vous aimez prendre une longueur d&rsquo;avance en ayant une vision sur le long terme, ce lot \u00e9conomique vous conviendra. Canon a toujours consacr\u00e9 une large place \u00e0 l&rsquo;innovation comme en t\u00e9moigne ce pack de cartouches. Ce pack de cartouches peut marcher avec les imprimantes Canon Bjc 3000 \/ 3000 Series \/ 3010 \/ 6000 \/ 6100 \/ 6200 \/ 6200 S \/ 6500, I 550 \/ 550 Series \/ 550 X \/ 560 \/ 560 Series \/ 560 X \/ 650 \/ 85. Pour des tirages de qualit\u00e9 professionnelle, pr\u00e9f\u00e9rez un papier d&rsquo;une qualit\u00e9 optimale. Nous vous en proposons \u00e9galement sur notre site Internet.<\/p>\n<\/div>\n","protected":false},"excerpt":{"rendered":"<p>Couleurs Disponible Noir , Cyan, Magenta et jaune<\/p>\n","protected":false},"featured_media":5963,"comment_status":"open","ping_status":"closed","template":"","meta":{"om_disable_all_campaigns":false,"_monsterinsights_skip_tracking":false,"_monsterinsights_sitenote_active":false,"_monsterinsights_sitenote_note":"","_monsterinsights_sitenote_category":0},"product_brand":[],"product_cat":[29,188],"product_tag":[],"class_list":{"0":"post-4437","1":"product","2":"type-product","3":"status-publish","4":"has-post-thumbnail","6":"product_cat-cartouche-canon-dencre-et-de-toner","7":"product_cat-cartouches-dencre-canon","9":"first","10":"instock","11":"sale","12":"taxable","13":"shipping-taxable","14":"purchasable","15":"product-type-variable"},"aioseo_notices":[],"yoast_head":"<!-- This site is optimized with the Yoast SEO plugin v25.3.1 - https:\/\/yoast.com\/wordpress\/plugins\/seo\/ -->\n<title>Canon BCI3E - MCI52<\/title>\n<meta name=\"description\" content=\"Canon BCI3E Noir, couleurs,Fiabilit\u00e9 et qualit\u00e9 HP, paiement s\u00e9curis\u00e9, pour impressions multi-color et authentiques. D&#039;autres r\u00e9f\u00e9rence disponible\" \/>\n<meta name=\"robots\" content=\"index, follow, max-snippet:-1, max-image-preview:large, max-video-preview:-1\" \/>\n<link rel=\"canonical\" href=\"https:\/\/mci52.fr\/index.php\/produit\/canon-bci3e\/\" \/>\n<meta property=\"og:locale\" content=\"fr_FR\" \/>\n<meta property=\"og:type\" content=\"article\" \/>\n<meta property=\"og:title\" content=\"Canon BCI3E - MCI52\" \/>\n<meta property=\"og:description\" content=\"Canon BCI3E Noir, couleurs,Fiabilit\u00e9 et qualit\u00e9 HP, paiement s\u00e9curis\u00e9, pour impressions multi-color et authentiques. D&#039;autres r\u00e9f\u00e9rence disponible\" \/>\n<meta property=\"og:url\" content=\"https:\/\/mci52.fr\/index.php\/produit\/canon-bci3e\/\" \/>\n<meta property=\"og:site_name\" content=\"MCI52\" \/>\n<meta property=\"article:modified_time\" content=\"2025-06-15T02:07:55+00:00\" \/>\n<meta property=\"og:image\" content=\"https:\/\/mci52.fr\/wp-content\/uploads\/2023\/03\/BCI3E.jpg\" \/>\n\t<meta property=\"og:image:width\" content=\"550\" \/>\n\t<meta property=\"og:image:height\" content=\"494\" \/>\n\t<meta property=\"og:image:type\" content=\"image\/jpeg\" \/>\n<meta name=\"twitter:card\" content=\"summary_large_image\" \/>\n<meta name=\"twitter:label1\" content=\"Dur\u00e9e de lecture estim\u00e9e\" \/>\n\t<meta name=\"twitter:data1\" content=\"2 minutes\" \/>\n<script type=\"application\/ld+json\" class=\"yoast-schema-graph\">{\"@context\":\"https:\/\/schema.org\",\"@graph\":[{\"@type\":\"WebPage\",\"@id\":\"https:\/\/mci52.fr\/index.php\/produit\/canon-bci3e\/\",\"url\":\"https:\/\/mci52.fr\/index.php\/produit\/canon-bci3e\/\",\"name\":\"Canon BCI3E - MCI52\",\"isPartOf\":{\"@id\":\"https:\/\/mci52.fr\/#website\"},\"primaryImageOfPage\":{\"@id\":\"https:\/\/mci52.fr\/index.php\/produit\/canon-bci3e\/#primaryimage\"},\"image\":{\"@id\":\"https:\/\/mci52.fr\/index.php\/produit\/canon-bci3e\/#primaryimage\"},\"thumbnailUrl\":\"https:\/\/mci52.fr\/wp-content\/uploads\/2023\/03\/BCI3E.jpg\",\"datePublished\":\"2023-03-15T12:33:30+00:00\",\"dateModified\":\"2025-06-15T02:07:55+00:00\",\"description\":\"Canon BCI3E Noir, couleurs,Fiabilit\u00e9 et qualit\u00e9 HP, paiement s\u00e9curis\u00e9, pour impressions multi-color et authentiques. D'autres r\u00e9f\u00e9rence disponible\",\"breadcrumb\":{\"@id\":\"https:\/\/mci52.fr\/index.php\/produit\/canon-bci3e\/#breadcrumb\"},\"inLanguage\":\"fr-FR\",\"potentialAction\":[{\"@type\":\"ReadAction\",\"target\":[\"https:\/\/mci52.fr\/index.php\/produit\/canon-bci3e\/\"]}]},{\"@type\":\"ImageObject\",\"inLanguage\":\"fr-FR\",\"@id\":\"https:\/\/mci52.fr\/index.php\/produit\/canon-bci3e\/#primaryimage\",\"url\":\"https:\/\/mci52.fr\/wp-content\/uploads\/2023\/03\/BCI3E.jpg\",\"contentUrl\":\"https:\/\/mci52.fr\/wp-content\/uploads\/2023\/03\/BCI3E.jpg\",\"width\":550,\"height\":494},{\"@type\":\"BreadcrumbList\",\"@id\":\"https:\/\/mci52.fr\/index.php\/produit\/canon-bci3e\/#breadcrumb\",\"itemListElement\":[{\"@type\":\"ListItem\",\"position\":1,\"name\":\"Accueil\",\"item\":\"https:\/\/mci52.fr\/\"},{\"@type\":\"ListItem\",\"position\":2,\"name\":\"Cat\u00e9gories\",\"item\":\"https:\/\/mci52.fr\/index.php\/categories\/\"},{\"@type\":\"ListItem\",\"position\":3,\"name\":\"Canon BCI3E\"}]},{\"@type\":\"WebSite\",\"@id\":\"https:\/\/mci52.fr\/#website\",\"url\":\"https:\/\/mci52.fr\/\",\"name\":\"MCI52\",\"description\":\"\",\"publisher\":{\"@id\":\"https:\/\/mci52.fr\/#organization\"},\"potentialAction\":[{\"@type\":\"SearchAction\",\"target\":{\"@type\":\"EntryPoint\",\"urlTemplate\":\"https:\/\/mci52.fr\/?s={search_term_string}\"},\"query-input\":{\"@type\":\"PropertyValueSpecification\",\"valueRequired\":true,\"valueName\":\"search_term_string\"}}],\"inLanguage\":\"fr-FR\"},{\"@type\":\"Organization\",\"@id\":\"https:\/\/mci52.fr\/#organization\",\"name\":\"mci-informatique\",\"url\":\"https:\/\/mci52.fr\/\",\"logo\":{\"@type\":\"ImageObject\",\"inLanguage\":\"fr-FR\",\"@id\":\"https:\/\/mci52.fr\/#\/schema\/logo\/image\/\",\"url\":\"https:\/\/mci52.fr\/wp-content\/uploads\/2023\/03\/telechargement.png\",\"contentUrl\":\"https:\/\/mci52.fr\/wp-content\/uploads\/2023\/03\/telechargement.png\",\"width\":421,\"height\":119,\"caption\":\"mci-informatique\"},\"image\":{\"@id\":\"https:\/\/mci52.fr\/#\/schema\/logo\/image\/\"}}]}<\/script>\n<!-- \/ Yoast SEO plugin. -->","yoast_head_json":{"title":"Canon BCI3E - MCI52","description":"Canon BCI3E Noir, couleurs,Fiabilit\u00e9 et qualit\u00e9 HP, paiement s\u00e9curis\u00e9, pour impressions multi-color et authentiques. D'autres r\u00e9f\u00e9rence disponible","robots":{"index":"index","follow":"follow","max-snippet":"max-snippet:-1","max-image-preview":"max-image-preview:large","max-video-preview":"max-video-preview:-1"},"canonical":"https:\/\/mci52.fr\/index.php\/produit\/canon-bci3e\/","og_locale":"fr_FR","og_type":"article","og_title":"Canon BCI3E - MCI52","og_description":"Canon BCI3E Noir, couleurs,Fiabilit\u00e9 et qualit\u00e9 HP, paiement s\u00e9curis\u00e9, pour impressions multi-color et authentiques. D'autres r\u00e9f\u00e9rence disponible","og_url":"https:\/\/mci52.fr\/index.php\/produit\/canon-bci3e\/","og_site_name":"MCI52","article_modified_time":"2025-06-15T02:07:55+00:00","og_image":[{"width":550,"height":494,"url":"https:\/\/mci52.fr\/wp-content\/uploads\/2023\/03\/BCI3E.jpg","type":"image\/jpeg"}],"twitter_card":"summary_large_image","twitter_misc":{"Dur\u00e9e de lecture estim\u00e9e":"2 minutes"},"schema":{"@context":"https:\/\/schema.org","@graph":[{"@type":"WebPage","@id":"https:\/\/mci52.fr\/index.php\/produit\/canon-bci3e\/","url":"https:\/\/mci52.fr\/index.php\/produit\/canon-bci3e\/","name":"Canon BCI3E - MCI52","isPartOf":{"@id":"https:\/\/mci52.fr\/#website"},"primaryImageOfPage":{"@id":"https:\/\/mci52.fr\/index.php\/produit\/canon-bci3e\/#primaryimage"},"image":{"@id":"https:\/\/mci52.fr\/index.php\/produit\/canon-bci3e\/#primaryimage"},"thumbnailUrl":"https:\/\/mci52.fr\/wp-content\/uploads\/2023\/03\/BCI3E.jpg","datePublished":"2023-03-15T12:33:30+00:00","dateModified":"2025-06-15T02:07:55+00:00","description":"Canon BCI3E Noir, couleurs,Fiabilit\u00e9 et qualit\u00e9 HP, paiement s\u00e9curis\u00e9, pour impressions multi-color et authentiques. D'autres r\u00e9f\u00e9rence disponible","breadcrumb":{"@id":"https:\/\/mci52.fr\/index.php\/produit\/canon-bci3e\/#breadcrumb"},"inLanguage":"fr-FR","potentialAction":[{"@type":"ReadAction","target":["https:\/\/mci52.fr\/index.php\/produit\/canon-bci3e\/"]}]},{"@type":"ImageObject","inLanguage":"fr-FR","@id":"https:\/\/mci52.fr\/index.php\/produit\/canon-bci3e\/#primaryimage","url":"https:\/\/mci52.fr\/wp-content\/uploads\/2023\/03\/BCI3E.jpg","contentUrl":"https:\/\/mci52.fr\/wp-content\/uploads\/2023\/03\/BCI3E.jpg","width":550,"height":494},{"@type":"BreadcrumbList","@id":"https:\/\/mci52.fr\/index.php\/produit\/canon-bci3e\/#breadcrumb","itemListElement":[{"@type":"ListItem","position":1,"name":"Accueil","item":"https:\/\/mci52.fr\/"},{"@type":"ListItem","position":2,"name":"Cat\u00e9gories","item":"https:\/\/mci52.fr\/index.php\/categories\/"},{"@type":"ListItem","position":3,"name":"Canon BCI3E"}]},{"@type":"WebSite","@id":"https:\/\/mci52.fr\/#website","url":"https:\/\/mci52.fr\/","name":"MCI52","description":"","publisher":{"@id":"https:\/\/mci52.fr\/#organization"},"potentialAction":[{"@type":"SearchAction","target":{"@type":"EntryPoint","urlTemplate":"https:\/\/mci52.fr\/?s={search_term_string}"},"query-input":{"@type":"PropertyValueSpecification","valueRequired":true,"valueName":"search_term_string"}}],"inLanguage":"fr-FR"},{"@type":"Organization","@id":"https:\/\/mci52.fr\/#organization","name":"mci-informatique","url":"https:\/\/mci52.fr\/","logo":{"@type":"ImageObject","inLanguage":"fr-FR","@id":"https:\/\/mci52.fr\/#\/schema\/logo\/image\/","url":"https:\/\/mci52.fr\/wp-content\/uploads\/2023\/03\/telechargement.png","contentUrl":"https:\/\/mci52.fr\/wp-content\/uploads\/2023\/03\/telechargement.png","width":421,"height":119,"caption":"mci-informatique"},"image":{"@id":"https:\/\/mci52.fr\/#\/schema\/logo\/image\/"}}]}},"_links":{"self":[{"href":"https:\/\/mci52.fr\/index.php\/wp-json\/wp\/v2\/product\/4437","targetHints":{"allow":["GET"]}}],"collection":[{"href":"https:\/\/mci52.fr\/index.php\/wp-json\/wp\/v2\/product"}],"about":[{"href":"https:\/\/mci52.fr\/index.php\/wp-json\/wp\/v2\/types\/product"}],"replies":[{"embeddable":true,"href":"https:\/\/mci52.fr\/index.php\/wp-json\/wp\/v2\/comments?post=4437"}],"version-history":[{"count":5,"href":"https:\/\/mci52.fr\/index.php\/wp-json\/wp\/v2\/product\/4437\/revisions"}],"predecessor-version":[{"id":5124,"href":"https:\/\/mci52.fr\/index.php\/wp-json\/wp\/v2\/product\/4437\/revisions\/5124"}],"wp:featuredmedia":[{"embeddable":true,"href":"https:\/\/mci52.fr\/index.php\/wp-json\/wp\/v2\/media\/5963"}],"wp:attachment":[{"href":"https:\/\/mci52.fr\/index.php\/wp-json\/wp\/v2\/media?parent=4437"}],"wp:term":[{"taxonomy":"product_brand","embeddable":true,"href":"https:\/\/mci52.fr\/index.php\/wp-json\/wp\/v2\/product_brand?post=4437"},{"taxonomy":"product_cat","embeddable":true,"href":"https:\/\/mci52.fr\/index.php\/wp-json\/wp\/v2\/product_cat?post=4437"},{"taxonomy":"product_tag","embeddable":true,"href":"https:\/\/mci52.fr\/index.php\/wp-json\/wp\/v2\/product_tag?post=4437"}],"curies":[{"name":"wp","href":"https:\/\/api.w.org\/{rel}","templated":true}]}}