{"id":4452,"date":"2023-03-15T13:39:21","date_gmt":"2023-03-15T12:39:21","guid":{"rendered":"https:\/\/mci52.fr\/?post_type=product&#038;p=4452"},"modified":"2025-06-15T04:09:53","modified_gmt":"2025-06-15T02:09:53","slug":"canon-pgi-520-et-cli-521","status":"publish","type":"product","link":"https:\/\/mci52.fr\/index.php\/produit\/canon-pgi-520-et-cli-521\/","title":{"rendered":"Canon PGI-520 et CLI-521"},"content":{"rendered":"<p>CANON PGI-520\/CLI-521. Pack de cartouches d&rsquo;encre compatibles \u00e9quivalent au mod\u00e8le d&rsquo;origine CANON CLI-521 Photo Value Pack.<\/p>\n<p>En choisissant ce pack de cartouches vous r\u00e9alisez de vraies \u00e9conomies !<\/p>\n<ul>\n<li>Cartouche Jet d&rsquo;encre<\/li>\n<li>Inclus : Cartouche Jet d&rsquo;encre de couleur BK+BK+C+M+Y<\/li>\n<li>Pour imprimante PIXMA IP3600 PIXMA IP4600 PIXMA IP4700 PIXMA MP540 PIXMA MP550 PIXMA MP560 PIXMA MP620 PIXMA MP630 PIXMA MP640 PIXMA MP980 PIXMA MP990 PIXMA MX860 PIXMA MX870<\/li>\n<li>Ne s\u2019estompe pas, ne coule pas et ne tache pas. Imprimez des photos ultra-r\u00e9alistes et du texte de qualit\u00e9 optimale<\/li>\n<li>Faites de r\u00e9elles \u00e9conomies avec ces cartouches pour votre imprimante CANON<\/li>\n<\/ul>\n<p>&nbsp;<\/p>\n","protected":false},"excerpt":{"rendered":"<p>Couleurs Disponible Noir, Cyan, Magenta , Jaune<\/p>\n","protected":false},"featured_media":5972,"comment_status":"open","ping_status":"closed","template":"","meta":{"om_disable_all_campaigns":false,"_monsterinsights_skip_tracking":false,"_monsterinsights_sitenote_active":false,"_monsterinsights_sitenote_note":"","_monsterinsights_sitenote_category":0},"product_brand":[],"product_cat":[29,188],"product_tag":[],"class_list":{"0":"post-4452","1":"product","2":"type-product","3":"status-publish","4":"has-post-thumbnail","6":"product_cat-cartouche-canon-dencre-et-de-toner","7":"product_cat-cartouches-dencre-canon","9":"first","10":"instock","11":"sale","12":"taxable","13":"shipping-taxable","14":"purchasable","15":"product-type-variable"},"aioseo_notices":[],"yoast_head":"<!-- This site is optimized with the Yoast SEO plugin v25.3.1 - https:\/\/yoast.com\/wordpress\/plugins\/seo\/ -->\n<title>Canon PGI-520 et CLI-521 - MCI52<\/title>\n<meta name=\"description\" content=\"Canon PGI-520 et CLI-521 Noir, couleurs, Multipack XL et non XL, Fiabilit\u00e9 et qualit\u00e9, paiement s\u00e9curis\u00e9, pour impressions multi-color et authentiques\" \/>\n<meta name=\"robots\" content=\"index, follow, max-snippet:-1, max-image-preview:large, max-video-preview:-1\" \/>\n<link rel=\"canonical\" href=\"https:\/\/mci52.fr\/index.php\/produit\/canon-pgi-520-et-cli-521\/\" \/>\n<meta property=\"og:locale\" content=\"fr_FR\" \/>\n<meta property=\"og:type\" content=\"article\" \/>\n<meta property=\"og:title\" content=\"Canon PGI-520 et CLI-521 - MCI52\" \/>\n<meta property=\"og:description\" content=\"Canon PGI-520 et CLI-521 Noir, couleurs, Multipack XL et non XL, Fiabilit\u00e9 et qualit\u00e9, paiement s\u00e9curis\u00e9, pour impressions multi-color et authentiques\" \/>\n<meta property=\"og:url\" content=\"https:\/\/mci52.fr\/index.php\/produit\/canon-pgi-520-et-cli-521\/\" \/>\n<meta property=\"og:site_name\" content=\"MCI52\" \/>\n<meta property=\"article:modified_time\" content=\"2025-06-15T02:09:53+00:00\" \/>\n<meta property=\"og:image\" content=\"https:\/\/mci52.fr\/wp-content\/uploads\/2023\/03\/PGI-520.jpg\" \/>\n\t<meta property=\"og:image:width\" content=\"550\" \/>\n\t<meta property=\"og:image:height\" content=\"513\" \/>\n\t<meta property=\"og:image:type\" content=\"image\/jpeg\" \/>\n<meta name=\"twitter:card\" content=\"summary_large_image\" \/>\n<meta name=\"twitter:label1\" content=\"Dur\u00e9e de lecture estim\u00e9e\" \/>\n\t<meta name=\"twitter:data1\" content=\"1 minute\" \/>\n<script type=\"application\/ld+json\" class=\"yoast-schema-graph\">{\"@context\":\"https:\/\/schema.org\",\"@graph\":[{\"@type\":\"WebPage\",\"@id\":\"https:\/\/mci52.fr\/index.php\/produit\/canon-pgi-520-et-cli-521\/\",\"url\":\"https:\/\/mci52.fr\/index.php\/produit\/canon-pgi-520-et-cli-521\/\",\"name\":\"Canon PGI-520 et CLI-521 - MCI52\",\"isPartOf\":{\"@id\":\"https:\/\/mci52.fr\/#website\"},\"primaryImageOfPage\":{\"@id\":\"https:\/\/mci52.fr\/index.php\/produit\/canon-pgi-520-et-cli-521\/#primaryimage\"},\"image\":{\"@id\":\"https:\/\/mci52.fr\/index.php\/produit\/canon-pgi-520-et-cli-521\/#primaryimage\"},\"thumbnailUrl\":\"https:\/\/mci52.fr\/wp-content\/uploads\/2023\/03\/PGI-520.jpg\",\"datePublished\":\"2023-03-15T12:39:21+00:00\",\"dateModified\":\"2025-06-15T02:09:53+00:00\",\"description\":\"Canon PGI-520 et CLI-521 Noir, couleurs, Multipack XL et non XL, Fiabilit\u00e9 et qualit\u00e9, paiement s\u00e9curis\u00e9, pour impressions multi-color et authentiques\",\"breadcrumb\":{\"@id\":\"https:\/\/mci52.fr\/index.php\/produit\/canon-pgi-520-et-cli-521\/#breadcrumb\"},\"inLanguage\":\"fr-FR\",\"potentialAction\":[{\"@type\":\"ReadAction\",\"target\":[\"https:\/\/mci52.fr\/index.php\/produit\/canon-pgi-520-et-cli-521\/\"]}]},{\"@type\":\"ImageObject\",\"inLanguage\":\"fr-FR\",\"@id\":\"https:\/\/mci52.fr\/index.php\/produit\/canon-pgi-520-et-cli-521\/#primaryimage\",\"url\":\"https:\/\/mci52.fr\/wp-content\/uploads\/2023\/03\/PGI-520.jpg\",\"contentUrl\":\"https:\/\/mci52.fr\/wp-content\/uploads\/2023\/03\/PGI-520.jpg\",\"width\":550,\"height\":513},{\"@type\":\"BreadcrumbList\",\"@id\":\"https:\/\/mci52.fr\/index.php\/produit\/canon-pgi-520-et-cli-521\/#breadcrumb\",\"itemListElement\":[{\"@type\":\"ListItem\",\"position\":1,\"name\":\"Accueil\",\"item\":\"https:\/\/mci52.fr\/\"},{\"@type\":\"ListItem\",\"position\":2,\"name\":\"Cat\u00e9gories\",\"item\":\"https:\/\/mci52.fr\/index.php\/categories\/\"},{\"@type\":\"ListItem\",\"position\":3,\"name\":\"Canon PGI-520 et CLI-521\"}]},{\"@type\":\"WebSite\",\"@id\":\"https:\/\/mci52.fr\/#website\",\"url\":\"https:\/\/mci52.fr\/\",\"name\":\"MCI52\",\"description\":\"\",\"publisher\":{\"@id\":\"https:\/\/mci52.fr\/#organization\"},\"potentialAction\":[{\"@type\":\"SearchAction\",\"target\":{\"@type\":\"EntryPoint\",\"urlTemplate\":\"https:\/\/mci52.fr\/?s={search_term_string}\"},\"query-input\":{\"@type\":\"PropertyValueSpecification\",\"valueRequired\":true,\"valueName\":\"search_term_string\"}}],\"inLanguage\":\"fr-FR\"},{\"@type\":\"Organization\",\"@id\":\"https:\/\/mci52.fr\/#organization\",\"name\":\"mci-informatique\",\"url\":\"https:\/\/mci52.fr\/\",\"logo\":{\"@type\":\"ImageObject\",\"inLanguage\":\"fr-FR\",\"@id\":\"https:\/\/mci52.fr\/#\/schema\/logo\/image\/\",\"url\":\"https:\/\/mci52.fr\/wp-content\/uploads\/2023\/03\/telechargement.png\",\"contentUrl\":\"https:\/\/mci52.fr\/wp-content\/uploads\/2023\/03\/telechargement.png\",\"width\":421,\"height\":119,\"caption\":\"mci-informatique\"},\"image\":{\"@id\":\"https:\/\/mci52.fr\/#\/schema\/logo\/image\/\"}}]}<\/script>\n<!-- \/ Yoast SEO plugin. -->","yoast_head_json":{"title":"Canon PGI-520 et CLI-521 - MCI52","description":"Canon PGI-520 et CLI-521 Noir, couleurs, Multipack XL et non XL, Fiabilit\u00e9 et qualit\u00e9, paiement s\u00e9curis\u00e9, pour impressions multi-color et authentiques","robots":{"index":"index","follow":"follow","max-snippet":"max-snippet:-1","max-image-preview":"max-image-preview:large","max-video-preview":"max-video-preview:-1"},"canonical":"https:\/\/mci52.fr\/index.php\/produit\/canon-pgi-520-et-cli-521\/","og_locale":"fr_FR","og_type":"article","og_title":"Canon PGI-520 et CLI-521 - MCI52","og_description":"Canon PGI-520 et CLI-521 Noir, couleurs, Multipack XL et non XL, Fiabilit\u00e9 et qualit\u00e9, paiement s\u00e9curis\u00e9, pour impressions multi-color et authentiques","og_url":"https:\/\/mci52.fr\/index.php\/produit\/canon-pgi-520-et-cli-521\/","og_site_name":"MCI52","article_modified_time":"2025-06-15T02:09:53+00:00","og_image":[{"width":550,"height":513,"url":"https:\/\/mci52.fr\/wp-content\/uploads\/2023\/03\/PGI-520.jpg","type":"image\/jpeg"}],"twitter_card":"summary_large_image","twitter_misc":{"Dur\u00e9e de lecture estim\u00e9e":"1 minute"},"schema":{"@context":"https:\/\/schema.org","@graph":[{"@type":"WebPage","@id":"https:\/\/mci52.fr\/index.php\/produit\/canon-pgi-520-et-cli-521\/","url":"https:\/\/mci52.fr\/index.php\/produit\/canon-pgi-520-et-cli-521\/","name":"Canon PGI-520 et CLI-521 - MCI52","isPartOf":{"@id":"https:\/\/mci52.fr\/#website"},"primaryImageOfPage":{"@id":"https:\/\/mci52.fr\/index.php\/produit\/canon-pgi-520-et-cli-521\/#primaryimage"},"image":{"@id":"https:\/\/mci52.fr\/index.php\/produit\/canon-pgi-520-et-cli-521\/#primaryimage"},"thumbnailUrl":"https:\/\/mci52.fr\/wp-content\/uploads\/2023\/03\/PGI-520.jpg","datePublished":"2023-03-15T12:39:21+00:00","dateModified":"2025-06-15T02:09:53+00:00","description":"Canon PGI-520 et CLI-521 Noir, couleurs, Multipack XL et non XL, Fiabilit\u00e9 et qualit\u00e9, paiement s\u00e9curis\u00e9, pour impressions multi-color et authentiques","breadcrumb":{"@id":"https:\/\/mci52.fr\/index.php\/produit\/canon-pgi-520-et-cli-521\/#breadcrumb"},"inLanguage":"fr-FR","potentialAction":[{"@type":"ReadAction","target":["https:\/\/mci52.fr\/index.php\/produit\/canon-pgi-520-et-cli-521\/"]}]},{"@type":"ImageObject","inLanguage":"fr-FR","@id":"https:\/\/mci52.fr\/index.php\/produit\/canon-pgi-520-et-cli-521\/#primaryimage","url":"https:\/\/mci52.fr\/wp-content\/uploads\/2023\/03\/PGI-520.jpg","contentUrl":"https:\/\/mci52.fr\/wp-content\/uploads\/2023\/03\/PGI-520.jpg","width":550,"height":513},{"@type":"BreadcrumbList","@id":"https:\/\/mci52.fr\/index.php\/produit\/canon-pgi-520-et-cli-521\/#breadcrumb","itemListElement":[{"@type":"ListItem","position":1,"name":"Accueil","item":"https:\/\/mci52.fr\/"},{"@type":"ListItem","position":2,"name":"Cat\u00e9gories","item":"https:\/\/mci52.fr\/index.php\/categories\/"},{"@type":"ListItem","position":3,"name":"Canon PGI-520 et CLI-521"}]},{"@type":"WebSite","@id":"https:\/\/mci52.fr\/#website","url":"https:\/\/mci52.fr\/","name":"MCI52","description":"","publisher":{"@id":"https:\/\/mci52.fr\/#organization"},"potentialAction":[{"@type":"SearchAction","target":{"@type":"EntryPoint","urlTemplate":"https:\/\/mci52.fr\/?s={search_term_string}"},"query-input":{"@type":"PropertyValueSpecification","valueRequired":true,"valueName":"search_term_string"}}],"inLanguage":"fr-FR"},{"@type":"Organization","@id":"https:\/\/mci52.fr\/#organization","name":"mci-informatique","url":"https:\/\/mci52.fr\/","logo":{"@type":"ImageObject","inLanguage":"fr-FR","@id":"https:\/\/mci52.fr\/#\/schema\/logo\/image\/","url":"https:\/\/mci52.fr\/wp-content\/uploads\/2023\/03\/telechargement.png","contentUrl":"https:\/\/mci52.fr\/wp-content\/uploads\/2023\/03\/telechargement.png","width":421,"height":119,"caption":"mci-informatique"},"image":{"@id":"https:\/\/mci52.fr\/#\/schema\/logo\/image\/"}}]}},"_links":{"self":[{"href":"https:\/\/mci52.fr\/index.php\/wp-json\/wp\/v2\/product\/4452","targetHints":{"allow":["GET"]}}],"collection":[{"href":"https:\/\/mci52.fr\/index.php\/wp-json\/wp\/v2\/product"}],"about":[{"href":"https:\/\/mci52.fr\/index.php\/wp-json\/wp\/v2\/types\/product"}],"replies":[{"embeddable":true,"href":"https:\/\/mci52.fr\/index.php\/wp-json\/wp\/v2\/comments?post=4452"}],"version-history":[{"count":4,"href":"https:\/\/mci52.fr\/index.php\/wp-json\/wp\/v2\/product\/4452\/revisions"}],"predecessor-version":[{"id":5122,"href":"https:\/\/mci52.fr\/index.php\/wp-json\/wp\/v2\/product\/4452\/revisions\/5122"}],"wp:featuredmedia":[{"embeddable":true,"href":"https:\/\/mci52.fr\/index.php\/wp-json\/wp\/v2\/media\/5972"}],"wp:attachment":[{"href":"https:\/\/mci52.fr\/index.php\/wp-json\/wp\/v2\/media?parent=4452"}],"wp:term":[{"taxonomy":"product_brand","embeddable":true,"href":"https:\/\/mci52.fr\/index.php\/wp-json\/wp\/v2\/product_brand?post=4452"},{"taxonomy":"product_cat","embeddable":true,"href":"https:\/\/mci52.fr\/index.php\/wp-json\/wp\/v2\/product_cat?post=4452"},{"taxonomy":"product_tag","embeddable":true,"href":"https:\/\/mci52.fr\/index.php\/wp-json\/wp\/v2\/product_tag?post=4452"}],"curies":[{"name":"wp","href":"https:\/\/api.w.org\/{rel}","templated":true}]}}