{"id":4528,"date":"2023-03-15T17:24:32","date_gmt":"2023-03-15T16:24:32","guid":{"rendered":"https:\/\/mci52.fr\/?post_type=product&#038;p=4528"},"modified":"2023-06-05T22:35:56","modified_gmt":"2023-06-05T20:35:56","slug":"cartouche-hp302","status":"publish","type":"product","link":"https:\/\/mci52.fr\/index.php\/produit\/cartouche-hp302\/","title":{"rendered":"HP 302 NOIR, HP 302 COULEURS, HP 302 NOIR XL, HP 302 COULEURS XL, HP 302 MULTIPACK"},"content":{"rendered":"<h2>Cartouche HP302<\/h2>\n<p>La cartouche HP302 noire originale pour impressions multi-color et authentiques<\/p>\n<p>Pour des tirages pr\u00e9cis, vous pouvez avoir confiance en la cartouche HP 302 couleur.<\/p>\n<p>Quelle que soit votre situation, la cartouche HP 302 noir r\u00e9ussira \u00e0 vous persuader par ses performances. Faciles \u00e0 mettre en place, les articles HP permettent de r\u00e9aliser des impressions d&rsquo;un rendu id\u00e9al.<\/p>\n<p>Cartouche HP 302 Noir\/couleur peut marcher avec les imprimantes :<\/p>\n<ul>\n<li>HP DeskJet 1110 \/2130 \/ 2132 \/ 2134 \/ 2136 \/ 3630 \/ 3632 \/ 3633 \/ 3634 \/ 3635 \/ 3636 \/ 3637 \/ 3638 \/ 3639<\/li>\n<li>HP ENVY 4520 \/ 4521 \/ 4522\/ 4524 \/ 4525 \/4526 \/ 4527 \/ 4528<\/li>\n<li>HP OfficeJet 3830 \/ 3831 \/ 3832 \/ 3833 \/ 3834 \/ 4650 \/ 4652 \/ 4654 \/ 4655 \/ 4656 \/ 4657 \/ 4658 \/ 5220 \/ 5230 \/ 5232<\/li>\n<\/ul>\n<p>L&rsquo;ensemble de nos <a href=\"https:\/\/mci52.fr\/index.php\/categorie-produit\/cartouche-hp\/\">cartouches HP<\/a><\/p>\n<p>&nbsp;<\/p>\n","protected":false},"excerpt":{"rendered":"<p>Cartouche HP302 La cartouche HP302 noire originale pour impressions multi-color et authentiques Pour des tirages pr\u00e9cis, vous pouvez avoir confiance en la cartouche HP 302 couleur. Quelle que soit votre situation, la cartouche HP 302 noir r\u00e9ussira \u00e0 vous persuader par ses performances. Faciles \u00e0 mettre en place, les articles HP permettent de r\u00e9aliser des [&hellip;]<\/p>\n","protected":false},"featured_media":4543,"comment_status":"open","ping_status":"closed","template":"","meta":{"om_disable_all_campaigns":false,"_monsterinsights_skip_tracking":false,"_monsterinsights_sitenote_active":false,"_monsterinsights_sitenote_note":"","_monsterinsights_sitenote_category":0},"product_brand":[],"product_cat":[189,60,130],"product_tag":[],"class_list":{"0":"post-4528","1":"product","2":"type-product","3":"status-publish","4":"has-post-thumbnail","6":"product_cat-cartouche-dencre-hp","7":"product_cat-cartouche-dencre-et-toner-hp","8":"product_cat-consommables","10":"first","11":"instock","12":"taxable","13":"shipping-taxable","14":"purchasable","15":"product-type-variable"},"aioseo_notices":[],"yoast_head":"<!-- This site is optimized with the Yoast SEO plugin v25.3.1 - https:\/\/yoast.com\/wordpress\/plugins\/seo\/ -->\n<title>Cartouche HP302 - MCI52<\/title>\n<meta name=\"description\" content=\"Cartouche d&#039;encre HP302, Noir, couleurs, Multipack XL et non XL, Fiabilit\u00e9 et qualit\u00e9 HP, paiement s\u00e9curis\u00e9, pour impressions multi-color et authentiques\" \/>\n<meta name=\"robots\" content=\"index, follow, max-snippet:-1, max-image-preview:large, max-video-preview:-1\" \/>\n<link rel=\"canonical\" href=\"https:\/\/mci52.fr\/index.php\/produit\/cartouche-hp302\/\" \/>\n<meta property=\"og:locale\" content=\"fr_FR\" \/>\n<meta property=\"og:type\" content=\"article\" \/>\n<meta property=\"og:title\" content=\"Cartouche HP302 - MCI52\" \/>\n<meta property=\"og:description\" content=\"Cartouche d&#039;encre HP302, Noir, couleurs, Multipack XL et non XL, Fiabilit\u00e9 et qualit\u00e9 HP, paiement s\u00e9curis\u00e9, pour impressions multi-color et authentiques\" \/>\n<meta property=\"og:url\" content=\"https:\/\/mci52.fr\/index.php\/produit\/cartouche-hp302\/\" \/>\n<meta property=\"og:site_name\" content=\"MCI52\" \/>\n<meta property=\"article:modified_time\" content=\"2023-06-05T20:35:56+00:00\" \/>\n<meta property=\"og:image\" content=\"https:\/\/mci52.fr\/wp-content\/uploads\/2023\/03\/hp-302-noir-e-cartouche-d-encre-11773.webp\" \/>\n\t<meta property=\"og:image:width\" content=\"427\" \/>\n\t<meta property=\"og:image:height\" content=\"500\" \/>\n\t<meta property=\"og:image:type\" content=\"image\/webp\" \/>\n<meta name=\"twitter:card\" content=\"summary_large_image\" \/>\n<meta name=\"twitter:label1\" content=\"Dur\u00e9e de lecture estim\u00e9e\" \/>\n\t<meta name=\"twitter:data1\" content=\"1 minute\" \/>\n<script type=\"application\/ld+json\" class=\"yoast-schema-graph\">{\"@context\":\"https:\/\/schema.org\",\"@graph\":[{\"@type\":\"WebPage\",\"@id\":\"https:\/\/mci52.fr\/index.php\/produit\/cartouche-hp302\/\",\"url\":\"https:\/\/mci52.fr\/index.php\/produit\/cartouche-hp302\/\",\"name\":\"Cartouche HP302 - MCI52\",\"isPartOf\":{\"@id\":\"https:\/\/mci52.fr\/#website\"},\"primaryImageOfPage\":{\"@id\":\"https:\/\/mci52.fr\/index.php\/produit\/cartouche-hp302\/#primaryimage\"},\"image\":{\"@id\":\"https:\/\/mci52.fr\/index.php\/produit\/cartouche-hp302\/#primaryimage\"},\"thumbnailUrl\":\"https:\/\/mci52.fr\/wp-content\/uploads\/2023\/03\/hp-302-noir-e-cartouche-d-encre-11773.webp\",\"datePublished\":\"2023-03-15T16:24:32+00:00\",\"dateModified\":\"2023-06-05T20:35:56+00:00\",\"description\":\"Cartouche d'encre HP302, Noir, couleurs, Multipack XL et non XL, Fiabilit\u00e9 et qualit\u00e9 HP, paiement s\u00e9curis\u00e9, pour impressions multi-color et authentiques\",\"breadcrumb\":{\"@id\":\"https:\/\/mci52.fr\/index.php\/produit\/cartouche-hp302\/#breadcrumb\"},\"inLanguage\":\"fr-FR\",\"potentialAction\":[{\"@type\":\"ReadAction\",\"target\":[\"https:\/\/mci52.fr\/index.php\/produit\/cartouche-hp302\/\"]}]},{\"@type\":\"ImageObject\",\"inLanguage\":\"fr-FR\",\"@id\":\"https:\/\/mci52.fr\/index.php\/produit\/cartouche-hp302\/#primaryimage\",\"url\":\"https:\/\/mci52.fr\/wp-content\/uploads\/2023\/03\/hp-302-noir-e-cartouche-d-encre-11773.webp\",\"contentUrl\":\"https:\/\/mci52.fr\/wp-content\/uploads\/2023\/03\/hp-302-noir-e-cartouche-d-encre-11773.webp\",\"width\":427,\"height\":500,\"caption\":\"Cartouche HP302\"},{\"@type\":\"BreadcrumbList\",\"@id\":\"https:\/\/mci52.fr\/index.php\/produit\/cartouche-hp302\/#breadcrumb\",\"itemListElement\":[{\"@type\":\"ListItem\",\"position\":1,\"name\":\"Accueil\",\"item\":\"https:\/\/mci52.fr\/\"},{\"@type\":\"ListItem\",\"position\":2,\"name\":\"Cat\u00e9gories\",\"item\":\"https:\/\/mci52.fr\/index.php\/categories\/\"},{\"@type\":\"ListItem\",\"position\":3,\"name\":\"HP 302 NOIR, HP 302 COULEURS, HP 302 NOIR XL, HP 302 COULEURS XL, HP 302 MULTIPACK\"}]},{\"@type\":\"WebSite\",\"@id\":\"https:\/\/mci52.fr\/#website\",\"url\":\"https:\/\/mci52.fr\/\",\"name\":\"MCI52\",\"description\":\"\",\"publisher\":{\"@id\":\"https:\/\/mci52.fr\/#organization\"},\"potentialAction\":[{\"@type\":\"SearchAction\",\"target\":{\"@type\":\"EntryPoint\",\"urlTemplate\":\"https:\/\/mci52.fr\/?s={search_term_string}\"},\"query-input\":{\"@type\":\"PropertyValueSpecification\",\"valueRequired\":true,\"valueName\":\"search_term_string\"}}],\"inLanguage\":\"fr-FR\"},{\"@type\":\"Organization\",\"@id\":\"https:\/\/mci52.fr\/#organization\",\"name\":\"mci-informatique\",\"url\":\"https:\/\/mci52.fr\/\",\"logo\":{\"@type\":\"ImageObject\",\"inLanguage\":\"fr-FR\",\"@id\":\"https:\/\/mci52.fr\/#\/schema\/logo\/image\/\",\"url\":\"https:\/\/mci52.fr\/wp-content\/uploads\/2023\/03\/telechargement.png\",\"contentUrl\":\"https:\/\/mci52.fr\/wp-content\/uploads\/2023\/03\/telechargement.png\",\"width\":421,\"height\":119,\"caption\":\"mci-informatique\"},\"image\":{\"@id\":\"https:\/\/mci52.fr\/#\/schema\/logo\/image\/\"}}]}<\/script>\n<!-- \/ Yoast SEO plugin. -->","yoast_head_json":{"title":"Cartouche HP302 - MCI52","description":"Cartouche d'encre HP302, Noir, couleurs, Multipack XL et non XL, Fiabilit\u00e9 et qualit\u00e9 HP, paiement s\u00e9curis\u00e9, pour impressions multi-color et authentiques","robots":{"index":"index","follow":"follow","max-snippet":"max-snippet:-1","max-image-preview":"max-image-preview:large","max-video-preview":"max-video-preview:-1"},"canonical":"https:\/\/mci52.fr\/index.php\/produit\/cartouche-hp302\/","og_locale":"fr_FR","og_type":"article","og_title":"Cartouche HP302 - MCI52","og_description":"Cartouche d'encre HP302, Noir, couleurs, Multipack XL et non XL, Fiabilit\u00e9 et qualit\u00e9 HP, paiement s\u00e9curis\u00e9, pour impressions multi-color et authentiques","og_url":"https:\/\/mci52.fr\/index.php\/produit\/cartouche-hp302\/","og_site_name":"MCI52","article_modified_time":"2023-06-05T20:35:56+00:00","og_image":[{"width":427,"height":500,"url":"https:\/\/mci52.fr\/wp-content\/uploads\/2023\/03\/hp-302-noir-e-cartouche-d-encre-11773.webp","type":"image\/webp"}],"twitter_card":"summary_large_image","twitter_misc":{"Dur\u00e9e de lecture estim\u00e9e":"1 minute"},"schema":{"@context":"https:\/\/schema.org","@graph":[{"@type":"WebPage","@id":"https:\/\/mci52.fr\/index.php\/produit\/cartouche-hp302\/","url":"https:\/\/mci52.fr\/index.php\/produit\/cartouche-hp302\/","name":"Cartouche HP302 - MCI52","isPartOf":{"@id":"https:\/\/mci52.fr\/#website"},"primaryImageOfPage":{"@id":"https:\/\/mci52.fr\/index.php\/produit\/cartouche-hp302\/#primaryimage"},"image":{"@id":"https:\/\/mci52.fr\/index.php\/produit\/cartouche-hp302\/#primaryimage"},"thumbnailUrl":"https:\/\/mci52.fr\/wp-content\/uploads\/2023\/03\/hp-302-noir-e-cartouche-d-encre-11773.webp","datePublished":"2023-03-15T16:24:32+00:00","dateModified":"2023-06-05T20:35:56+00:00","description":"Cartouche d'encre HP302, Noir, couleurs, Multipack XL et non XL, Fiabilit\u00e9 et qualit\u00e9 HP, paiement s\u00e9curis\u00e9, pour impressions multi-color et authentiques","breadcrumb":{"@id":"https:\/\/mci52.fr\/index.php\/produit\/cartouche-hp302\/#breadcrumb"},"inLanguage":"fr-FR","potentialAction":[{"@type":"ReadAction","target":["https:\/\/mci52.fr\/index.php\/produit\/cartouche-hp302\/"]}]},{"@type":"ImageObject","inLanguage":"fr-FR","@id":"https:\/\/mci52.fr\/index.php\/produit\/cartouche-hp302\/#primaryimage","url":"https:\/\/mci52.fr\/wp-content\/uploads\/2023\/03\/hp-302-noir-e-cartouche-d-encre-11773.webp","contentUrl":"https:\/\/mci52.fr\/wp-content\/uploads\/2023\/03\/hp-302-noir-e-cartouche-d-encre-11773.webp","width":427,"height":500,"caption":"Cartouche HP302"},{"@type":"BreadcrumbList","@id":"https:\/\/mci52.fr\/index.php\/produit\/cartouche-hp302\/#breadcrumb","itemListElement":[{"@type":"ListItem","position":1,"name":"Accueil","item":"https:\/\/mci52.fr\/"},{"@type":"ListItem","position":2,"name":"Cat\u00e9gories","item":"https:\/\/mci52.fr\/index.php\/categories\/"},{"@type":"ListItem","position":3,"name":"HP 302 NOIR, HP 302 COULEURS, HP 302 NOIR XL, HP 302 COULEURS XL, HP 302 MULTIPACK"}]},{"@type":"WebSite","@id":"https:\/\/mci52.fr\/#website","url":"https:\/\/mci52.fr\/","name":"MCI52","description":"","publisher":{"@id":"https:\/\/mci52.fr\/#organization"},"potentialAction":[{"@type":"SearchAction","target":{"@type":"EntryPoint","urlTemplate":"https:\/\/mci52.fr\/?s={search_term_string}"},"query-input":{"@type":"PropertyValueSpecification","valueRequired":true,"valueName":"search_term_string"}}],"inLanguage":"fr-FR"},{"@type":"Organization","@id":"https:\/\/mci52.fr\/#organization","name":"mci-informatique","url":"https:\/\/mci52.fr\/","logo":{"@type":"ImageObject","inLanguage":"fr-FR","@id":"https:\/\/mci52.fr\/#\/schema\/logo\/image\/","url":"https:\/\/mci52.fr\/wp-content\/uploads\/2023\/03\/telechargement.png","contentUrl":"https:\/\/mci52.fr\/wp-content\/uploads\/2023\/03\/telechargement.png","width":421,"height":119,"caption":"mci-informatique"},"image":{"@id":"https:\/\/mci52.fr\/#\/schema\/logo\/image\/"}}]}},"_links":{"self":[{"href":"https:\/\/mci52.fr\/index.php\/wp-json\/wp\/v2\/product\/4528","targetHints":{"allow":["GET"]}}],"collection":[{"href":"https:\/\/mci52.fr\/index.php\/wp-json\/wp\/v2\/product"}],"about":[{"href":"https:\/\/mci52.fr\/index.php\/wp-json\/wp\/v2\/types\/product"}],"replies":[{"embeddable":true,"href":"https:\/\/mci52.fr\/index.php\/wp-json\/wp\/v2\/comments?post=4528"}],"version-history":[{"count":8,"href":"https:\/\/mci52.fr\/index.php\/wp-json\/wp\/v2\/product\/4528\/revisions"}],"predecessor-version":[{"id":5116,"href":"https:\/\/mci52.fr\/index.php\/wp-json\/wp\/v2\/product\/4528\/revisions\/5116"}],"wp:featuredmedia":[{"embeddable":true,"href":"https:\/\/mci52.fr\/index.php\/wp-json\/wp\/v2\/media\/4543"}],"wp:attachment":[{"href":"https:\/\/mci52.fr\/index.php\/wp-json\/wp\/v2\/media?parent=4528"}],"wp:term":[{"taxonomy":"product_brand","embeddable":true,"href":"https:\/\/mci52.fr\/index.php\/wp-json\/wp\/v2\/product_brand?post=4528"},{"taxonomy":"product_cat","embeddable":true,"href":"https:\/\/mci52.fr\/index.php\/wp-json\/wp\/v2\/product_cat?post=4528"},{"taxonomy":"product_tag","embeddable":true,"href":"https:\/\/mci52.fr\/index.php\/wp-json\/wp\/v2\/product_tag?post=4528"}],"curies":[{"name":"wp","href":"https:\/\/api.w.org\/{rel}","templated":true}]}}